{"id":9574,"date":"2023-07-24T10:45:28","date_gmt":"2023-07-24T10:45:28","guid":{"rendered":"https:\/\/grillhome-ro.layer.ro\/?post_type=product&#038;p=9574"},"modified":"2026-04-22T23:32:19","modified_gmt":"2026-04-22T23:32:19","slug":"sort-de-bucataire-sau-gratar-din-denim-negru-vid-angeloff","status":"publish","type":"product","link":"https:\/\/angeloff.ro\/en\/product\/sort-de-bucataire-sau-gratar-din-denim-negru-vid-angeloff\/","title":{"rendered":"\u0218or\u021b de buc\u0103t\u0103rie sau gr\u0103tar, din denim, negru Vid, Angeloff"},"content":{"rendered":"<h1><strong>\u0218or\u021b de buc\u0103t\u0103rie sau gr\u0103tar, din denim, negru Vid Angeloff \u2013 Stil, func\u021bionalitate \u0219i tradi\u021bie \u00eentr-un singur produs<\/strong><\/h1>\n<p style=\"font-weight: 400;\" data-start=\"419\" data-end=\"791\">Descoper\u0103 <a href=\"https:\/\/angeloff.ro\/produs\/sort-de-bucataire-sau-gratar-din-denim-negru-vid-angeloff\/\" data-start=\"429\" data-end=\"516\"><strong>\u0219or\u021bul de buc\u0103t\u0103rie pentru gr\u0103tar, din denim, negru Vid, Angeloff<\/strong> <\/a>\u00a0alegerea ideal\u0103 pentru pasiona\u021bii de <strong data-start=\"556\" data-end=\"581\">gr\u0103tar, <\/strong>buc\u0103tari de cas\u0103 \u0219i profesioni\u0219ti care vor un accesoriu practic \u0219i elegant. Acest <strong data-start=\"665\" data-end=\"677\">\u0219or\u021b BBQ<\/strong>este <strong data-start=\"683\" data-end=\"706\">manufacturat manual<\/strong> \u00een cadrul unei afaceri de familie, cu aten\u021bie la detalii \u0219i pasiune pentru calitate.<\/p>\n<h2 data-start=\"793\" data-end=\"844\"><strong data-start=\"797\" data-end=\"844\">Material premium pentru durabilitate maxim\u0103<\/strong><\/h2>\n<ul style=\"font-weight: 400;\" data-start=\"845\" data-end=\"1009\">\n<li data-start=\"845\" data-end=\"882\">Compozi\u021bie: 100% bumbac natural<\/li>\n<li data-start=\"883\" data-end=\"922\">Material: denim gros \u0219i rezistent<\/li>\n<li data-start=\"923\" data-end=\"975\">Cataram\u0103 metalic\u0103 reglabil\u0103 de calitate superioar\u0103<\/li>\n<\/ul>\n<h2><strong>Design inteligent \u0219i practic<\/strong><\/h2>\n<ul style=\"font-weight: 400;\" data-start=\"1048\" data-end=\"1263\">\n<li data-start=\"1048\" data-end=\"1165\">Buzunare frontale mari, perfecte pentru unelte de gr\u0103tar sau ustensile de buc\u0103t\u0103rie<\/li>\n<li data-start=\"1166\" data-end=\"1218\">Curele reglabile pentru confort \u0219i ajustare ideal\u0103<\/li>\n<li data-start=\"1219\" data-end=\"1263\">Cus\u0103turi duble pentru o rezisten\u021b\u0103 sporit\u0103<\/li>\n<\/ul>\n<h2 data-start=\"1265\" data-end=\"1304\"><strong data-start=\"1269\" data-end=\"1304\">De ce s\u0103 alegi \u0219or\u021bul Angeloff?<\/strong><\/h2>\n<ul style=\"font-weight: 400;\" data-start=\"1305\" data-end=\"1577\">\n<li data-start=\"1305\" data-end=\"1384\">Perfect pentru utilizare \u00een buc\u0103t\u0103rie, la BBQ, la teras\u0103 sau \u00een aer liber<\/li>\n<li data-start=\"1385\" data-end=\"1465\">Adaug\u0103 un strop de stil \u0219i profesionalism \u00een fiecare moment petrecut l\u00e2ng\u0103 foc<\/li>\n<li data-start=\"1466\" data-end=\"1577\">Produs de <strong><a href=\"https:\/\/angeloff.ro\/\">angeloff.ro<\/a><\/strong>, o companie rom\u00e2neasc\u0103 de familie, care promoveaz\u0103 calitatea \u0219i tradi\u021bia local\u0103<\/li>\n<\/ul>\n<p style=\"font-weight: 400;\" data-start=\"1579\" data-end=\"1702\">Alege \u0219or\u021bul de buc\u0103t\u0103rie pentru grill sau BBQ, din denim, Angeloff \u2013 pentru un look casual, o protec\u021bie eficient\u0103 \u0219i o experien\u021b\u0103 autentic\u0103 la gr\u0103tar.<\/p>","protected":false},"excerpt":{"rendered":"<div class=\"woocommerce-product-details__short-description\">\n<h3 style=\"font-weight: 400;\"><strong>\u0218or\u021bul de buc\u0103t\u0103rie sau grill, din denim, negru Vid, Angeloff <\/strong><\/h3>\n<p style=\"font-weight: 400;\">Este alegerea ideal\u0103 pentru pasiona\u021bii de g\u0103tit \u0219i BBQ. Fabricat manual din bumbac 100%, cu buzunare mari \u0219i design robust, ofer\u0103 stil \u0219i func\u021bionalitate. Perfect pentru buc\u0103t\u0103rie sau gr\u0103tar!<\/p>\n<p style=\"font-weight: 400;\"><strong><a href=\"https:\/\/angeloff.ro\/produs\/sort-de-bucataire-sau-gratar-din-denim-negru-vid-angeloff\/\">Apas\u0103 aici pentru a vedea produsul!<\/a><\/strong><\/p>\n<\/div>","protected":false},"featured_media":15702,"template":"","meta":[],"product_brand":[279],"product_cat":[95],"product_tag":[],"class_list":{"0":"post-9574","1":"product","2":"type-product","3":"status-publish","4":"has-post-thumbnail","6":"product_brand-angeloff","7":"product_cat-sorturi","9":"first","10":"instock","11":"taxable","12":"shipping-taxable","13":"purchasable","14":"product-type-simple"},"_links":{"self":[{"href":"https:\/\/angeloff.ro\/en\/wp-json\/wp\/v2\/product\/9574","targetHints":{"allow":["GET"]}}],"collection":[{"href":"https:\/\/angeloff.ro\/en\/wp-json\/wp\/v2\/product"}],"about":[{"href":"https:\/\/angeloff.ro\/en\/wp-json\/wp\/v2\/types\/product"}],"version-history":[{"count":1,"href":"https:\/\/angeloff.ro\/en\/wp-json\/wp\/v2\/product\/9574\/revisions"}],"predecessor-version":[{"id":31293,"href":"https:\/\/angeloff.ro\/en\/wp-json\/wp\/v2\/product\/9574\/revisions\/31293"}],"wp:featuredmedia":[{"embeddable":true,"href":"https:\/\/angeloff.ro\/en\/wp-json\/wp\/v2\/media\/15702"}],"wp:attachment":[{"href":"https:\/\/angeloff.ro\/en\/wp-json\/wp\/v2\/media?parent=9574"}],"wp:term":[{"taxonomy":"product_brand","embeddable":true,"href":"https:\/\/angeloff.ro\/en\/wp-json\/wp\/v2\/product_brand?post=9574"},{"taxonomy":"product_cat","embeddable":true,"href":"https:\/\/angeloff.ro\/en\/wp-json\/wp\/v2\/product_cat?post=9574"},{"taxonomy":"product_tag","embeddable":true,"href":"https:\/\/angeloff.ro\/en\/wp-json\/wp\/v2\/product_tag?post=9574"}],"curies":[{"name":"wp","href":"https:\/\/api.w.org\/{rel}","templated":true}]}}