{"id":9189,"date":"2022-08-15T18:21:11","date_gmt":"2022-08-15T18:21:11","guid":{"rendered":"https:\/\/grillhome-ro.layer.ro\/?post_type=product&#038;p=9189"},"modified":"2026-04-22T23:32:15","modified_gmt":"2026-04-22T23:32:15","slug":"husa-mobilier-gradina-angeloff-pentru-masa-gradina-170-100-70","status":"publish","type":"product","link":"https:\/\/angeloff.ro\/en\/product\/husa-mobilier-gradina-angeloff-pentru-masa-gradina-170-100-70\/","title":{"rendered":"Husa mobilier gradina Angeloff pentru masa gradina, 170*100*70 cm (L*l*h)"},"content":{"rendered":"<p>Descoper\u0103 husele premium de la Angeloff, o combina\u021bie perfect\u0103 \u00eentre design elegant \u0219i func\u021bionalitate superioar\u0103. Fabricate dintr-un material impermeabil de cea mai \u00eenalt\u0103 calitate, aceste huse reprezint\u0103 solu\u021bia ideal\u0103 pentru a proteja obiectele dumneavoastr\u0103 pre\u021bioase de umezeal\u0103, ploaie sau stropire accidental\u0103.<\/p>\n<p>Husele Angeloff asigur\u0103 o protec\u021bie complet\u0103 \u00eempotriva intemperiilor, p\u0103str\u00e2ndu-le \u00een condi\u021bii optime de func\u021bionare \u00een orice mediu.<\/p>\n<p>Beneficiind de tehnologie avansat\u0103 \u0219i materiale de \u00eenalt\u0103 calitate, aceste huse premium sunt proiectate pentru a rezista \u00een timp \u0219i pentru a satisface cele mai exigente cerin\u021be ale clien\u021bilor. Designul lor elegant \u0219i ergonomic se \u00eembin\u0103 perfect cu utilitatea, oferind un aspect sofisticat \u0219i \u00een acela\u0219i timp o protec\u021bie de neegalat.<\/p>\n<p>\u00cen plus, fiecare hus\u0103 este dotat\u0103 cu caracteristici speciale care asigur\u0103 o utilizare convenabil\u0103 \u0219i o protec\u021bie optim\u0103. Cus\u0103turile de calitate superioar\u0103 \u0219i marginile \u00eent\u0103rite confer\u0103 o durabilitate sporit\u0103.<\/p>\n<p>Investe\u0219te \u00een protec\u021bia de \u00eencredere a dispozitivelor dumneavoastr\u0103 cu husele premium de la Angeloff \u0219i bucur\u0103-te de o experien\u021b\u0103 f\u0103r\u0103 griji \u00een orice condi\u021bii. Optimizeaz\u0103-\u021bi siguran\u021ba \u0219i stilul cu husele noastre de calitate superioar\u0103!<\/p>","protected":false},"excerpt":{"rendered":"<p>Material: Textil, impermeabil, anti UV<\/p>\n<p>Greutate: 1 kg<\/p>\n<p>Culoare: Negru<\/p>","protected":false},"featured_media":9190,"template":"","meta":[],"product_brand":[279],"product_cat":[99,96],"product_tag":[],"class_list":{"0":"post-9189","1":"product","2":"type-product","3":"status-publish","4":"has-post-thumbnail","6":"product_brand-angeloff","7":"product_cat-huse","8":"product_cat-huse-mobilier","10":"first","11":"instock","12":"taxable","13":"shipping-taxable","14":"purchasable","15":"product-type-simple"},"_links":{"self":[{"href":"https:\/\/angeloff.ro\/en\/wp-json\/wp\/v2\/product\/9189","targetHints":{"allow":["GET"]}}],"collection":[{"href":"https:\/\/angeloff.ro\/en\/wp-json\/wp\/v2\/product"}],"about":[{"href":"https:\/\/angeloff.ro\/en\/wp-json\/wp\/v2\/types\/product"}],"version-history":[{"count":1,"href":"https:\/\/angeloff.ro\/en\/wp-json\/wp\/v2\/product\/9189\/revisions"}],"predecessor-version":[{"id":31266,"href":"https:\/\/angeloff.ro\/en\/wp-json\/wp\/v2\/product\/9189\/revisions\/31266"}],"wp:featuredmedia":[{"embeddable":true,"href":"https:\/\/angeloff.ro\/en\/wp-json\/wp\/v2\/media\/9190"}],"wp:attachment":[{"href":"https:\/\/angeloff.ro\/en\/wp-json\/wp\/v2\/media?parent=9189"}],"wp:term":[{"taxonomy":"product_brand","embeddable":true,"href":"https:\/\/angeloff.ro\/en\/wp-json\/wp\/v2\/product_brand?post=9189"},{"taxonomy":"product_cat","embeddable":true,"href":"https:\/\/angeloff.ro\/en\/wp-json\/wp\/v2\/product_cat?post=9189"},{"taxonomy":"product_tag","embeddable":true,"href":"https:\/\/angeloff.ro\/en\/wp-json\/wp\/v2\/product_tag?post=9189"}],"curies":[{"name":"wp","href":"https:\/\/api.w.org\/{rel}","templated":true}]}}