{"id":31713,"date":"2026-05-06T10:40:36","date_gmt":"2026-05-06T10:40:36","guid":{"rendered":"https:\/\/angeloff.ro\/?post_type=product&#038;p=31713"},"modified":"2026-05-06T10:54:30","modified_gmt":"2026-05-06T10:54:30","slug":"husa-butelie-gaz-protectie-uv-angeloff","status":"publish","type":"product","link":"https:\/\/angeloff.ro\/en\/product\/husa-butelie-gaz-protectie-uv-angeloff\/","title":{"rendered":"Hus\u0103 de protec\u021bie pentru butelie gaz \u2013 Angeloff"},"content":{"rendered":"<div data-elementor-type=\"product-post\" data-elementor-id=\"31713\" class=\"elementor elementor-31713\" data-elementor-post-type=\"product\">\n\t\t\t\t<div class=\"wd-negative-gap elementor-element elementor-element-1c66250a e-flex e-con-boxed e-con e-parent\" data-id=\"1c66250a\" data-element_type=\"container\" data-e-type=\"container\">\n\t\t\t\t\t<div class=\"e-con-inner\">\n\t\t\t\t<div class=\"elementor-element elementor-element-781d67f9 color-scheme-inherit text-left elementor-widget elementor-widget-text-editor\" data-id=\"781d67f9\" data-element_type=\"widget\" data-e-type=\"widget\" data-widget_type=\"text-editor.default\">\n\t\t\t\t<div class=\"elementor-widget-container\">\n\t\t\t\t\t\t\t\t\t<h2><b>Detaliul care face diferen\u021ba pe terasa ta<\/b><\/h2><p><span style=\"font-weight: 400;\">Ai investit timp, energie \u0219i probabil un buget serios ca s\u0103 \u00ee\u021bi pui la punct gr\u0103tarul visurilor tale. Ai ales un <\/span><a href=\"https:\/\/angeloff.ro\/categorie-produs\/gratare\/gratare-gaz\/\"><b>gr\u0103tar cu gaz<\/b><\/a><span style=\"font-weight: 400;\"> performant, ai cump\u0103rat cele mai bune <\/span><a href=\"https:\/\/angeloff.ro\/categorie-produs\/accesorii\/ustensile-gratar-accesorii\/\"><span style=\"font-weight: 400;\">ustensile<\/span><\/a><span style=\"font-weight: 400;\"> \u0219i ai creat un spa\u021biu de relaxare unde s\u0103 te sim\u021bi bine cu familia \u0219i prietenii. Dar, undeva \u00een peisajul \u0103sta frumos, apare ea: butelia de gaz. S\u0103 fim reali\u0219ti, butelia standard, de multe ori zg\u00e2riat\u0103 sau murdar\u0103, nu a fost niciodat\u0103 un obiect de design. E elementul care \u201efur\u0103\u201d din estetica unui <\/span><b>grill <\/b><span style=\"font-weight: 400;\">de ultim\u0103 genera\u021bie.<\/span><\/p><p><span style=\"font-weight: 400;\">Exact de aici a plecat ideea noastr\u0103. Ne-am \u00eentrebat: de ce s\u0103 la\u0219i un obiect industrial s\u0103 \u00ee\u021bi strice tot efortul de amenajare? A\u0219a am ajuns s\u0103 proiect\u0103m aceast\u0103 <\/span><a href=\"https:\/\/angeloff.ro\/produs\/husa-butelie-gaz-protectie-uv-angeloff\/\"><b>hus\u0103 de protec\u021bie pentru butelie gaz<\/b><\/a><span style=\"font-weight: 400;\">. Nu e doar o simpl\u0103 acoperitoare, ci o solu\u021bie pe care am g\u00e2ndit-o s\u0103 fie \u0219i util\u0103, \u0219i frumoas\u0103. Practic, am humanizat un obiect rece, oferindu-i un \u201ecostum\u201d premium care s\u0103 se integreze natural l\u00e2ng\u0103 <\/span><a href=\"https:\/\/angeloff.ro\/categorie-produs\/gratare\/\"><span style=\"font-weight: 400;\">gr\u0103tarul t\u0103u<\/span><\/a><span style=\"font-weight: 400;\">.<\/span><\/p><p><span style=\"font-weight: 400;\">Iat\u0103 de ce acest accesoriu nu este un moft, ci o necesitate pentru cineva care pune pre\u021b pe detalii.<\/span><\/p><h2><b>De ce am creat acest produs (\u0219i de ce ai nevoie de el)<\/b><\/h2><p><span style=\"font-weight: 400;\">E simplu: dac\u0103 ai un gr\u0103tar frumos, e p\u0103cat s\u0103 \u00eel<\/span> <span style=\"font-weight: 400;\">asociezi cu o butelie ur\u00e2t\u0103. Dar dincolo de aspectul vizual, am vrut s\u0103 rezolv\u0103m c\u00e2teva probleme reale de care ne lovim to\u021bi cei care g\u0103tim afar\u0103.<\/span><\/p><h3><b>Estetic\u0103 unitar\u0103 pe teras\u0103<\/b><\/h3><p><span style=\"font-weight: 400;\">C\u00e2nd pui aceast\u0103 hus\u0103 pe butelie, aceasta practic dispare vizual sau devine un obiect elegant, negru, discret. Nu mai atrage aten\u021bia \u00eentr-un mod negativ. Este acea pies\u0103 de puzzle care lipsea pentru ca \u00eentreg col\u021bul t\u0103u de g\u0103tit s\u0103 arate profesionist.<\/span><\/p><h3><b>Protec\u021bie \u00eempotriva elementelor naturii<\/b><\/h3><p><span style=\"font-weight: 400;\">Am ales un material special, de calitate, pentru c\u0103 \u0219tim ce \u00eenseamn\u0103 clima de la noi. Soarele arde, ploaia aduce rugin\u0103, iar praful se depune peste tot. Husa noastr\u0103 este:<\/span><\/p><ul><li style=\"font-weight: 400;\" aria-level=\"1\"><b>UV-resistent:<\/b><span style=\"font-weight: 400;\"> Nu se decoloreaz\u0103 dup\u0103 prima lun\u0103 de stat \u00een soare.<\/span><\/li><li style=\"font-weight: 400;\" aria-level=\"1\"><b>Impermeabil\u0103:<\/b><span style=\"font-weight: 400;\"> Apa nu st\u0103 pe ea, deci butelia ta r\u0103m\u00e2ne uscat\u0103, evit\u00e2nd coroziunea bazei metalice.<\/span><\/li><li style=\"font-weight: 400;\" aria-level=\"1\"><b>Protec\u021bie \u00eempotriva murd\u0103riei:<\/b><span style=\"font-weight: 400;\"> C\u00e2nd vrei s\u0103 dai drumul la gr\u0103tar, nu mai trebuie s\u0103 cure\u021bi p\u00e2nze de p\u0103ianjen sau praf de pe robinetul buteliei.<\/span><\/li><\/ul><h3><b>Durabilitate real\u0103<\/b><\/h3><p><span style=\"font-weight: 400;\">Nu am vrut ceva sub\u021bire care s\u0103 se rup\u0103 la prima adiere de v\u00e2nt. Materialul este cunoscut pentru rezisten\u021ba lui la abraziune. E un material \u201emuncitor\u201d, care rezist\u0103 ani de zile f\u0103r\u0103 s\u0103 \u00ee\u0219i piard\u0103 propriet\u0103\u021bile.<\/span><\/p><table><thead><tr><th colspan=\"1\" rowspan=\"1\"><p><strong>Caracteristic\u0103<\/strong><\/p><\/th><th colspan=\"1\" rowspan=\"1\"><p><strong>Detalii<\/strong><\/p><\/th><\/tr><\/thead><tbody><tr><td colspan=\"1\" rowspan=\"1\"><p>Tip produs<\/p><\/td><td colspan=\"1\" rowspan=\"1\">Hus\u0103 de protec\u021bie<\/td><\/tr><tr><td colspan=\"1\" rowspan=\"1\"><p>Compatibil<\/p><\/td><td colspan=\"1\" rowspan=\"1\"><p>Butelie<\/p><\/td><\/tr><tr><td colspan=\"1\" rowspan=\"1\"><p>Material<\/p><\/td><td colspan=\"1\" rowspan=\"1\">Premium, impermeabil, anti-UV, protec\u021bie \u00eempotriva murd\u0103riei<\/td><\/tr><tr><td colspan=\"1\" rowspan=\"1\"><p>Brand<\/p><\/td><td colspan=\"1\" rowspan=\"1\">Angeloff<\/td><\/tr><\/tbody><\/table><h2><b>Specifica\u021bii tehnice \u0219i materiale<\/b><\/h2><p><span style=\"font-weight: 400;\">Aici e partea unde t\u0103iem orice dubiu. Am proiectat aceast\u0103 hus\u0103 s\u0103 se potriveasc\u0103 perfect pe realitatea din cur\u021bile oamenilor.<\/span><\/p><h3><b>Dimensiuni \u0219i form\u0103<\/b><\/h3><p><span style=\"font-weight: 400;\">Am luat \u00een calcul dimensiunile pentru o <\/span><b>butelie gaz<\/b><span style=\"font-weight: 400;\"> standard din Rom\u00e2nia. Nu e nici prea str\u00e2mt\u0103, nici prea larg\u0103 (s\u0103 arate ca un sac aruncat la \u00eent\u00e2mplare).<\/span><\/p><ul><li style=\"font-weight: 400;\" aria-level=\"1\"><b>Compatibilitate:<\/b><span style=\"font-weight: 400;\"> Optimizat\u0103 pentru buteliile clasice de 11 kg \/ 26 litri.<\/span><\/li><li style=\"font-weight: 400;\" aria-level=\"1\"><b>\u00cen\u0103l\u021bime:<\/b><span style=\"font-weight: 400;\"> Acoper\u0103 complet butelia, l\u0103s\u00e2nd spa\u021biu la baz\u0103 pentru ventilare.<\/span><\/li><\/ul><h2><b>Ghid de utilizare \u0219i sfaturi de la Angeloff<\/b><\/h2><p><span style=\"font-weight: 400;\">Hai s\u0103 vedem cum s\u0103 profi\u021bi la maximum de acest produs. Nu e fizic\u0103 cuantic\u0103, dar c\u00e2teva detalii fac diferen\u021ba.<\/span><\/p><ol><li style=\"font-weight: 400;\" aria-level=\"1\"><b>Preg\u0103tirea buteliei:<\/b><span style=\"font-weight: 400;\"> \u00cenainte s\u0103 o \u201e\u00eembraci\u201d, asigur\u0103-te c\u0103 butelia este curat\u0103 \u0219i uscat\u0103. Dac\u0103 pui husa peste o butelie umed\u0103, po\u021bi favoriza apari\u021bia condensului.<\/span><\/li><li style=\"font-weight: 400;\" aria-level=\"1\"><b>Verificarea periodic\u0103:<\/b><span style=\"font-weight: 400;\"> Chiar dac\u0103 husa protejeaz\u0103 de ploaie, e bine ca o dat\u0103 la c\u00e2teva luni s\u0103 o ridici \u0219i s\u0103 verifici starea regulatorului \u0219i a furtunului. Siguran\u021ba e pe primul loc, \u00eentotdeauna.<\/span><\/li><\/ol><p><span style=\"font-weight: 400;\">Acest produs este, de fapt, o extensie a grijii tale fa\u021b\u0103 de curte. C\u00e2nd totul e acoperit \u0219i protejat, via\u021ba echipamentelor tale cre\u0219te considerabil.<\/span><\/p><h2><b>\u00centre\u021binere: Cum s\u0103 o p\u0103strezi ca nou\u0103<\/b><\/h2><p><span style=\"font-weight: 400;\">E simplu, dar trebuie f\u0103cut cu cap.<\/span><\/p><ul><li style=\"font-weight: 400;\" aria-level=\"1\"><b>F\u0103r\u0103 ma\u0219in\u0103 de sp\u0103lat:<\/b><span style=\"font-weight: 400;\"> Materialul tratat UV \u0219i impermeabil ur\u0103\u0219te centrifuga \u0219i detergen\u021bii duri. Dac\u0103 ai o pat\u0103 de gr\u0103sime, folose\u0219te pu\u021bin s\u0103pun de vase \u0219i ap\u0103 c\u0103ldu\u021b\u0103.<\/span><\/li><li style=\"font-weight: 400;\" aria-level=\"1\"><b>Uscarea:<\/b><span style=\"font-weight: 400;\"> Dac\u0103 a plouat toren\u021bial, de\u0219i apa fuge de pe ea, e bine s\u0103 o la\u0219i s\u0103 se usuce complet \u00eenainte de a o depozita undeva \u00eenchis.<\/span><\/li><li style=\"font-weight: 400;\" aria-level=\"1\"><b>Iarna:<\/b><span style=\"font-weight: 400;\"> Dac\u0103 duci gr\u0103tarul \u00een garaj peste iarn\u0103, las\u0103 husa pe butelie. O va proteja de praful care se adun\u0103 \u00een spa\u021biile de depozitare.<\/span><\/li><\/ul><h2><b>\u00centreb\u0103ri frecvente (FAQ) \u2013 Ce ne \u00eentreab\u0103 clien\u021bii<\/b><\/h2><h4><b>1. Se potrive\u0219te pe buteliile de compozit (cele u\u0219oare)?<\/b><\/h4><p><span style=\"font-weight: 400;\">Da, se potrive\u0219te at\u00e2ta timp c\u00e2t dimensiunile externe sunt similare cu cele ale buteliei standard.<\/span><\/p><h4><b>2. \u00cempiedic\u0103 \u00eenghe\u021barea gazului iarna?<\/b><\/h4><p><span style=\"font-weight: 400;\">Trebuie s\u0103 fim sinceri: husa ofer\u0103 o barier\u0103 termic\u0103 minim\u0103, dar nu este o p\u0103tur\u0103 electric\u0103. Rolul ei principal este protec\u021bia \u00eempotriva v\u00e2ntului rece \u0219i a umezelii, care pot accelera sc\u0103derea temperaturii buteliei, dar nu va opri \u00eenghe\u021barea butanului \u00een condi\u021bii de ger extrem. Pentru asta, recomand\u0103m amestecurile de propan.<\/span><\/p><h4><b>3. Este rezistent\u0103 la foc?<\/b><\/h4><p><span style=\"font-weight: 400;\">Husa este rezistent\u0103 la c\u0103ldur\u0103, dar nu la foc. Nu o apropia\u021bi de flac\u0103r\u0103 deschis\u0103. Este proiectat\u0103 s\u0103 stea l\u00e2ng\u0103 un <\/span><a href=\"https:\/\/angeloff.ro\/categorie-produs\/gratare\/gratare-gaz\/\"><b>gr\u0103tar cu gaz<\/b><\/a><b>, <\/b><span style=\"font-weight: 400;\">nu prea aproape de flac\u0103r\u0103 direct\u0103.<\/span><\/p><h4><b>4. Dac\u0103 am o butelie mai mic\u0103, de camping?<\/b><\/h4><p><span style=\"font-weight: 400;\">Va fi cam mare. Aceasta este \u201em\u0103sura L\u201d a buteliilor, cea de cas\u0103. Pentru butelii mici, va ar\u0103ta prea larg\u0103 \u0219i nu va oferi aceea\u0219i estetic\u0103 premium.<\/span><\/p><h2><b>Concluzie<\/b><\/h2><p><span style=\"font-weight: 400;\">\ud83d\udc49Descoper\u0103 <\/span><a href=\"https:\/\/angeloff.ro\/produs\/husa-butelie-gaz-protectie-uv-angeloff\/\"><b>husa pentru butelie gaz<\/b><\/a><span style=\"font-weight: 400;\"> pe <\/span><a href=\"http:\/\/angeloff.ro\"><b>angeloff.ro<\/b><\/a><b>!<\/b><\/p>\t\t\t\t\t\t\t\t<\/div>\n\t\t\t\t<\/div>\n\t\t\t\t\t<\/div>\n\t\t\t\t<\/div>\n\t\t\t\t<\/div>","protected":false},"excerpt":{"rendered":"<p><span style=\"font-weight: 400;\">Nu l\u0103sa o butelie de gaz inestetic\u0103 s\u0103 strice aspectul gr\u0103tarului t\u0103u premium. Noua <\/span><a href=\"https:\/\/angeloff.ro\/produs\/husa-butelie-gaz-protectie-uv-angeloff\/\"><b>hus\u0103 de protec\u021bie pentru butelie gaz<\/b><span style=\"font-weight: 400;\"> de la Angeloff<\/span><\/a><span style=\"font-weight: 400;\"> este conceput\u0103 special pentru a oferi un aspect elegant \u0219i ordonat terasei tale, protej\u00e2nd \u00een acela\u0219i timp echipamentul de elemente. Fabricat\u0103 din material premium rezistent, aceast\u0103 hus\u0103 este rezistent\u0103 la razele UV, impermeabil\u0103 \u0219i protejeaz\u0103 \u00eempotriva prafului \u0219i ruginii.<\/span><\/p>\n<p><span style=\"font-weight: 400;\">Este accesoriul ideal pentru orice posesor de <\/span><a href=\"https:\/\/angeloff.ro\/categorie-produs\/gratare\/gratare-gaz\/\"><b>gr\u0103tar cu gaz<\/b><\/a><span style=\"font-weight: 400;\"> care \u00ee\u0219i dore\u0219te o zon\u0103 de g\u0103tit impecabil\u0103. Durabil\u0103 \u0219i u\u0219or de \u00eentre\u021binut, husa se potrive\u0219te perfect pe buteliile standard, asigur\u00e2nd o protec\u021bie pe termen lung \u0219i o estetic\u0103 de invidiat pentru orice pasionat de <\/span><b>grill \u0219i BBQ<\/b><span style=\"font-weight: 400;\">.<\/span><\/p>","protected":false},"featured_media":31701,"template":"","meta":[],"product_brand":[279],"product_cat":[99,97],"product_tag":[],"class_list":{"0":"post-31713","1":"product","2":"type-product","3":"status-publish","4":"has-post-thumbnail","6":"product_brand-angeloff","7":"product_cat-huse","8":"product_cat-huse-gratar","10":"first","11":"instock","12":"taxable","13":"shipping-taxable","14":"purchasable","15":"product-type-simple"},"_links":{"self":[{"href":"https:\/\/angeloff.ro\/en\/wp-json\/wp\/v2\/product\/31713","targetHints":{"allow":["GET"]}}],"collection":[{"href":"https:\/\/angeloff.ro\/en\/wp-json\/wp\/v2\/product"}],"about":[{"href":"https:\/\/angeloff.ro\/en\/wp-json\/wp\/v2\/types\/product"}],"version-history":[{"count":5,"href":"https:\/\/angeloff.ro\/en\/wp-json\/wp\/v2\/product\/31713\/revisions"}],"predecessor-version":[{"id":31719,"href":"https:\/\/angeloff.ro\/en\/wp-json\/wp\/v2\/product\/31713\/revisions\/31719"}],"wp:featuredmedia":[{"embeddable":true,"href":"https:\/\/angeloff.ro\/en\/wp-json\/wp\/v2\/media\/31701"}],"wp:attachment":[{"href":"https:\/\/angeloff.ro\/en\/wp-json\/wp\/v2\/media?parent=31713"}],"wp:term":[{"taxonomy":"product_brand","embeddable":true,"href":"https:\/\/angeloff.ro\/en\/wp-json\/wp\/v2\/product_brand?post=31713"},{"taxonomy":"product_cat","embeddable":true,"href":"https:\/\/angeloff.ro\/en\/wp-json\/wp\/v2\/product_cat?post=31713"},{"taxonomy":"product_tag","embeddable":true,"href":"https:\/\/angeloff.ro\/en\/wp-json\/wp\/v2\/product_tag?post=31713"}],"curies":[{"name":"wp","href":"https:\/\/api.w.org\/{rel}","templated":true}]}}