{"id":18092,"date":"2025-11-25T11:16:37","date_gmt":"2025-11-25T11:16:37","guid":{"rendered":"https:\/\/angeloff.ro\/?post_type=product&#038;p=18092"},"modified":"2026-05-05T07:48:46","modified_gmt":"2026-05-05T07:48:46","slug":"cadou-set-sos-bbq-cutie-din-lemn-memphis-1977","status":"publish","type":"product","link":"https:\/\/angeloff.ro\/en\/product\/cadou-set-sos-bbq-cutie-din-lemn-memphis-1977\/","title":{"rendered":"\u200b\u200bSet sosuri BBQ \u00een cutie din lemn &#8211; Memphis Firestorm, Cherry Bombshell &#038; Gold Mustard"},"content":{"rendered":"<p>Cau\u021bi un cadou memorabil, elegant \u0219i plin de personalitate? <b>Cutia de cadou<\/b> este genul de surpriz\u0103 care nu doar impresioneaz\u0103, ci creeaz\u0103 emo\u021bie din primul moment \u00een care este deschis\u0103. Fie c\u0103 vrei s\u0103 oferi un cadou unui b\u0103rbat pasionat de <a href=\"https:\/\/angeloff.ro\/categorie-produs\/gratare\/\">gr\u0103tar<\/a>, unui prieten care ador\u0103 aromele BBQ autentice sau cuiva care apreciaz\u0103 lucrurile bine f\u0103cute, acest <a href=\"https:\/\/angeloff.ro\/produs\/cadou-set-sos-bbq-cutie-din-lemn-memphis-1977\/\"><b>set premium cu trei sosuri BBQ Memphis 1977<\/b><\/a> este alegerea care vorbe\u0219te de la sine. \u00centr-o lume plin\u0103 de cadouri gr\u0103bite \u0219i imperso\u00adnale, <b>cadoul din cutie de lemn natural<\/b> iese \u00een eviden\u021b\u0103 prin rafinament, originalitate \u0219i aten\u021bie la detalii. Este genul de cadou care \u00ee\u021bi arat\u0103 gustul bun, grija \u0219i dorin\u021ba de a oferi ceva cu adev\u0103rat special \u2013 ceva care poate fi savurat, \u00eemp\u0103rt\u0103\u0219it \u0219i transformat \u00eentr-o experien\u021b\u0103 culinar\u0103 memorabil\u0103. De la aromele intense \u0219i afumate ale <a href=\"https:\/\/angeloff.ro\/produs\/sos-bbq-firestorm-sos-bbq-intens-si-picant\/\">Firestorm<\/a>, la dulcea\u021ba elegant\u0103 a <a href=\"https:\/\/angeloff.ro\/produs\/sos-bbq-cherry-bombshell-memphis-1977\/\">Cherry Bombshell<\/a> \u0219i p\u00e2n\u0103 la caracterul autentic al <a href=\"https:\/\/angeloff.ro\/produs\/sos-bbq-memphis-1977-gold-mustard-un-sos-mustar\/\">Gold Mustard<\/a>, fiecare sticl\u0103 din acest set completeaz\u0103 perfect bucuria g\u0103titului la <a href=\"https:\/\/angeloff.ro\/categorie-produs\/gratare\/\">gr\u0103tar<\/a>. Indiferent dac\u0103 \u00eel oferi de <b>Cr\u0103ciun<\/b>, zi de na\u0219tere, onomastic\u0103, aniversare sau pur \u0219i simplu \u201epentru c\u0103 meri\u021bi ceva bun\u201d, acest set transform\u0103 orice ocazie \u00eentr-un moment memorabil. <a href=\"https:\/\/angeloff.ro\/produs\/cadou-set-sos-bbq-cutie-din-lemn-memphis-1977\/\"><b>Setul<\/b><\/a> acesta nu este doar un cadou \u2013 este un compliment, o surpriz\u0103 plin\u0103 de savoare \u0219i un gest rafinat pentru cei care apreciaz\u0103 calitatea adev\u0103rat\u0103.<\/p>\n<h2><b>Ce face din <\/b><a href=\"https:\/\/angeloff.ro\/produs\/cadou-set-sos-bbq-cutie-din-lemn-memphis-1977\/\"><b>Setul sosuri BBQ \u00een cutie din lemn<\/b><\/a><b> un cadou premium?<\/b><\/h2>\n<p>Atunci c\u00e2nd alegi un cadou, cel mai important aspect este impactul: s\u0103 fie memorabil, s\u0103 spun\u0103 ceva despre persoana care \u00eel d\u0103ruie\u0219te \u0219i s\u0103 transmit\u0103 grij\u0103, rafinament \u0219i calitate. \u00cen lumea pasiona\u021bilor de <a href=\"https:\/\/angeloff.ro\/categorie-produs\/gratare\/\">gr\u0103tar<\/a> \u0219i BBQ, nimic nu transmite mai mult respect dec\u00e2t un <a href=\"https:\/\/angeloff.ro\/categorie-produs\/accesorii\/sosuri-condimente\/\">set de sosuri premium<\/a>, create special pentru carne, glazurare \u0219i experien\u021be culinare intense. <a href=\"https:\/\/angeloff.ro\/produs\/cadou-set-sos-bbq-cutie-din-lemn-memphis-1977\/\"><b>Setul de sosuri BBQ \u00een cutie din lemn<\/b><\/a> este un cadou cu personalitate \u2013 nu doar un produs, ci o declara\u021bie.<\/p>\n<h3><b>Avantajele principale ale <\/b><a href=\"https:\/\/angeloff.ro\/produs\/cadou-set-sos-bbq-cutie-din-lemn-memphis-1977\/\"><b>Setului de sosuri BBQ \u00een cutie din lemn<\/b><\/a><b>:<\/b><\/h3>\n<ul>\n<li style=\"font-weight: 400;\" aria-level=\"1\"><b>Prezentare premium<\/b> \u00een cutie de lemn masiv\u0103.<\/li>\n<li style=\"font-weight: 400;\" aria-level=\"1\"><a href=\"https:\/\/angeloff.ro\/categorie-produs\/accesorii\/sosuri-condimente\/\"><b>3 sosuri BBQ Memphis<\/b><\/a> , fiecare cu o arom\u0103 puternic\u0103 \u0219i unic\u0103.<\/li>\n<li style=\"font-weight: 400;\" aria-level=\"1\">Ideal pentru <b>un cadou ideal pentru pasiona\u021bii de g\u0103tit<\/b>, <b>cadou de Cr\u0103ciun<\/b>, anivers\u0103ri, onomastici, zile de nume sau corporate.<\/li>\n<li style=\"font-weight: 400;\" aria-level=\"1\">Arome diferite \u0219i complementare: picant-afumat, dulce-acri\u0219or, mu\u0219tar-afumat.<\/li>\n<li style=\"font-weight: 400;\" aria-level=\"1\">Perfect pentru orice tip de carne: porc, vit\u0103, pui, mici, burgeri, coaste.<\/li>\n<li style=\"font-weight: 400;\" aria-level=\"1\">O surpriz\u0103 perfect\u0103 pentru oricine ador\u0103 gr\u0103tarul.<\/li>\n<\/ul>\n<h2><b>Ce con\u021bine exact <\/b><a href=\"https:\/\/angeloff.ro\/produs\/cadou-set-sos-bbq-cutie-din-lemn-memphis-1977\/\"><b>Setul sosuri BBQ \u00een cutia din lemn pentru cadou<\/b><\/a><b>?<\/b><\/h2>\n<p><a href=\"https:\/\/angeloff.ro\/produs\/cadou-set-sos-bbq-cutie-din-lemn-memphis-1977\/\">Setul<\/a> include trei sosuri premium, fiecare prezentat \u00eentr-o sticl\u0103 elegant\u0103, ambalate \u00eentr-o cutie de lemn natural lucrat\u0103 cu grij\u0103. Este un cadou complet, \u00een care fiecare detaliu conteaz\u0103.<\/p>\n<h3><a href=\"https:\/\/angeloff.ro\/produs\/sos-bbq-firestorm-sos-bbq-intens-si-picant\/\"><b>1. Sos BBQ Memphis \u2013 Firestorm (intens \u0219i picant)<\/b><\/a><\/h3>\n<p><b>Profil de arom\u0103<\/b><\/p>\n<p><a href=\"https:\/\/angeloff.ro\/produs\/sos-bbq-firestorm-sos-bbq-intens-si-picant\/\">Firestorm<\/a> este sosul pentru cei care iubesc intensitatea. Aduce un echilibru perfect \u00eentre dulcea\u021ba natural\u0103 a merelor, iu\u021beala ardeiului iute \u0219i o not\u0103 afumat\u0103 care completeaz\u0103 perfect preparatele BBQ. Este un sos exploziv, energic, ideal pentru cei care ador\u0103 preparatele picante.<\/p>\n<h4><b>Caracteristici principale:<\/b><\/h4>\n<ul>\n<li style=\"font-weight: 400;\" aria-level=\"1\">Arom\u0103 intens\u0103 \u0219i afumat\u0103<\/li>\n<li style=\"font-weight: 400;\" aria-level=\"1\">Dulcea\u021b\u0103 natural\u0103 de m\u0103r<\/li>\n<li style=\"font-weight: 400;\" aria-level=\"1\">Note puternice de ardei iute<\/li>\n<li style=\"font-weight: 400;\" aria-level=\"1\">Versatil: marinad\u0103, glazur\u0103, dip<\/li>\n<li style=\"font-weight: 400;\" aria-level=\"1\">Perfect pentru aripioare, ceaf\u0103 afumat\u0103, brisket<\/li>\n<\/ul>\n<h4><b>Cum se folose\u0219te <\/b><a href=\"https:\/\/angeloff.ro\/produs\/sos-bbq-firestorm-sos-bbq-intens-si-picant\/\"><b>Firestorm<\/b><\/a><b>?<\/b><\/h4>\n<ul>\n<li style=\"font-weight: 400;\" aria-level=\"1\"><b>Glazurare<\/b> \u00een ultimele 10 minute \u2192 caramelizare dulce-picant\u0103<\/li>\n<li style=\"font-weight: 400;\" aria-level=\"1\"><b>Dip picant<\/b> pentru servire \u2192 nivel extra de intensitate<\/li>\n<\/ul>\n<h3><a href=\"https:\/\/angeloff.ro\/produs\/sos-bbq-cherry-bombshell-memphis-1977\/\"><b>2. Sos BBQ Memphis \u2013 Cherry Bombshell (dulce-acri\u0219or cu cire\u0219e)<\/b><\/a><\/h3>\n<p><b>Profil de arom\u0103<\/b><\/p>\n<p><a href=\"https:\/\/angeloff.ro\/produs\/sos-bbq-cherry-bombshell-memphis-1977\/\">Cherry Bombshell<\/a> este un sos elegant, sofisticat, care iese din tiparul sosurilor BBQ clasice. Aromele fructate de cire\u0219e, combinate cu baza u\u0219or acid\u0103 de ro\u0219ii \u0219i condimentele selec\u021bionate, creeaz\u0103 un gust deosebit, ideal pentru cei care iubesc dulce-acri\u0219orul.<\/p>\n<h4><b>Caracteristici principale:<\/b><\/h4>\n<ul>\n<li style=\"font-weight: 400;\" aria-level=\"1\">Note intense de cire\u0219e<\/li>\n<li style=\"font-weight: 400;\" aria-level=\"1\">Dulce-acri\u0219or perfect echilibrat<\/li>\n<li style=\"font-weight: 400;\" aria-level=\"1\">Textur\u0103 bogat\u0103<\/li>\n<li style=\"font-weight: 400;\" aria-level=\"1\">Versatilitate ridicat\u0103<\/li>\n<\/ul>\n<h4><b>Ideal pentru:<\/b><\/h4>\n<ul>\n<li style=\"font-weight: 400;\" aria-level=\"1\">Coaste BBQ caramelizate<\/li>\n<li style=\"font-weight: 400;\" aria-level=\"1\">Pulled pork cu glazur\u0103<\/li>\n<li style=\"font-weight: 400;\" aria-level=\"1\">Burgeri suculen\u021bi<\/li>\n<li style=\"font-weight: 400;\" aria-level=\"1\">Piept de pui la gr\u0103tar<\/li>\n<\/ul>\n<h3><a href=\"https:\/\/angeloff.ro\/produs\/sos-bbq-memphis-1977-gold-mustard-un-sos-mustar\/\"><b>3. Sos BBQ Memphis \u2013 Gold Mustard (stil Carolina de Sud)<\/b><\/a><\/h3>\n<p><b>Profil de arom\u0103<\/b><\/p>\n<p><a href=\"https:\/\/angeloff.ro\/produs\/sos-bbq-memphis-1977-gold-mustard-un-sos-mustar\/\">Gold Mustard<\/a> este un sos BBQ tradi\u021bional american, \u00een stilul autenticului Carolina de Sud. Aroma puternic\u0103 de mu\u0219tar se \u00eembin\u0103 cu dulcea\u021ba natural\u0103 a merelor \u0219i o not\u0103 intens afumat\u0103, cre\u00e2nd un gust complet \u0219i echilibrat.<\/p>\n<h4><b>Caracteristici principale:<\/b><\/h4>\n<ul>\n<li style=\"font-weight: 400;\" aria-level=\"1\">Mu\u0219tar premium<\/li>\n<li style=\"font-weight: 400;\" aria-level=\"1\">Dulcea\u021b\u0103 natural\u0103 de m\u0103r<\/li>\n<li style=\"font-weight: 400;\" aria-level=\"1\">Arom\u0103 intens afumat\u0103<\/li>\n<li style=\"font-weight: 400;\" aria-level=\"1\">Condimente atent alese<\/li>\n<li style=\"font-weight: 400;\" aria-level=\"1\">Ideal pentru mici, porc, pui, vit\u0103<\/li>\n<\/ul>\n<h4><b>Recomand\u0103ri de utilizare:<\/b><\/h4>\n<ul>\n<li style=\"font-weight: 400;\" aria-level=\"1\"><b>Mici<\/b> \u2013 adaug\u0103 un strat caramelizat delicios<\/li>\n<li style=\"font-weight: 400;\" aria-level=\"1\"><b>Coaste<\/b> \u2013 glazur\u0103 aurie cu arom\u0103 intens\u0103<\/li>\n<li style=\"font-weight: 400;\" aria-level=\"1\"><b>Piept de pui<\/b> \u2013 gust echilibrat \u0219i suculent<\/li>\n<\/ul>\n<h2><b>De ce este cadoul perfect?<\/b><\/h2>\n<p>Acest set nu este doar un cadou, este O EXPERIEN\u021a\u0102.<\/p>\n<ul>\n<li style=\"font-weight: 400;\" aria-level=\"1\">Este un cadou sofisticat, nu banal: arat\u0103 rafinament \u0219i grij\u0103.<\/li>\n<li style=\"font-weight: 400;\" aria-level=\"1\">Este potrivit pentru pasiona\u021bii de <a href=\"https:\/\/angeloff.ro\/categorie-produs\/gratare\/\">gr\u0103tar<\/a>, buc\u0103t\u0103rie, outdoor.<\/li>\n<\/ul>\n<ul>\n<li style=\"font-weight: 400;\" aria-level=\"1\">Cutia de lemn are o elegan\u021b\u0103 rustic\u0103 perfect\u0103 pentru s\u0103rb\u0103tori.<\/li>\n<li style=\"font-weight: 400;\" aria-level=\"1\"><a href=\"https:\/\/angeloff.ro\/categorie-produs\/accesorii\/sosuri-condimente\/\">Sosurile<\/a> aduc arome intense, calde, specifice sezonului.<\/li>\n<li style=\"font-weight: 400;\" aria-level=\"1\">Este u\u0219or de d\u0103ruit \u0219i extrem de apreciat.<\/li>\n<\/ul>\n<h2><b>Ghidul complet pentru alegerea sosului potrivit (pentru tine sau pentru cadou)<\/b><\/h2>\n<ul>\n<li aria-level=\"1\"><b>Dac\u0103 persoana iube\u0219te picantul:<\/b><\/li>\n<\/ul>\n<p>\u27a1\ufe0f <a href=\"https:\/\/angeloff.ro\/produs\/sos-bbq-firestorm-sos-bbq-intens-si-picant\/\"><b>Firestorm<\/b><\/a> este alegerea ideal\u0103.<\/p>\n<ul>\n<li aria-level=\"1\"><b>Dac\u0103 prefer\u0103 arome elegante, fructate:<\/b><\/li>\n<\/ul>\n<p>\u27a1\ufe0f <a href=\"https:\/\/angeloff.ro\/produs\/sos-bbq-cherry-bombshell-memphis-1977\/\"><b>Cherry Bombshell<\/b><\/a> este alegerea perfect\u0103.<\/p>\n<ul>\n<li aria-level=\"1\"><b>Dac\u0103 ador\u0103 aromele tradi\u021bionale americane:<\/b><\/li>\n<\/ul>\n<p>\u27a1\ufe0f <a href=\"https:\/\/angeloff.ro\/produs\/sos-bbq-memphis-1977-gold-mustard-un-sos-mustar\/\"><b>Gold Mustard<\/b><\/a> este alegerea corect\u0103.<\/p>\n<p>Prin combina\u021bia celor trei, <a href=\"https:\/\/angeloff.ro\/produs\/cadou-set-sos-bbq-cutie-din-lemn-memphis-1977\/\"><b>Setul sosuri BBQ \u00een cutie din lemn<\/b><\/a> devine un cadou complet, g\u00e2ndit pentru toate gusturile.<\/p>\n<h2><b>Idei de utilizare \u2013 3 re\u021bete rapide<\/b><\/h2>\n<h3><b>Re\u021beta 1 \u2013 Aripioare cu <\/b><a href=\"https:\/\/angeloff.ro\/produs\/sos-bbq-firestorm-sos-bbq-intens-si-picant\/\"><b>sos Firestorm<\/b><\/a><\/h3>\n<ul>\n<li style=\"font-weight: 400;\" aria-level=\"1\">Aripioare + g\u0103tire lent\u0103 la <a href=\"https:\/\/angeloff.ro\/categorie-produs\/gratare\/gratare-carbuni\/kamado\/\">gr\u0103tar<\/a><\/li>\n<li style=\"font-weight: 400;\" aria-level=\"1\">Glazurare final\u0103 \u00een ultimele 10 minute<\/li>\n<\/ul>\n<p>\u27a1\ufe0f Textur\u0103 caramelizat\u0103, intens aromat\u0103<\/p>\n<h3><b>Re\u021beta 2 \u2013 Pulled pork cu <\/b><a href=\"https:\/\/angeloff.ro\/produs\/sos-bbq-cherry-bombshell-memphis-1977\/\"><b>sos Cherry Bombshell<\/b><\/a><\/h3>\n<ul>\n<li style=\"font-weight: 400;\" aria-level=\"1\">Coaste sau ceaf\u0103<\/li>\n<li style=\"font-weight: 400;\" aria-level=\"1\">G\u0103tire 5\u20136 ore<\/li>\n<li style=\"font-weight: 400;\" aria-level=\"1\">Servire cu <a href=\"https:\/\/angeloff.ro\/produs\/sos-bbq-cherry-bombshell-memphis-1977\/\">Cherry Bombshell<\/a><\/li>\n<\/ul>\n<p>\u27a1\ufe0f Dulcea\u021b\u0103-acri\u0219oar\u0103 perfect\u0103 pentru carnea de porc<\/p>\n<h3><b>Re\u021beta 3 \u2013 Mici <\/b><a href=\"https:\/\/angeloff.ro\/produs\/sos-bbq-memphis-1977-gold-mustard-un-sos-mustar\/\"><b>sos Gold Mustard<\/b><\/a><\/h3>\n<ul>\n<li style=\"font-weight: 400;\" aria-level=\"1\">Mici tradi\u021bionali<\/li>\n<li style=\"font-weight: 400;\" aria-level=\"1\">Servire cu <a href=\"https:\/\/angeloff.ro\/produs\/sos-bbq-memphis-1977-gold-mustard-un-sos-mustar\/\">sosul Gold Mustard<\/a> la finalul g\u0103tirii<\/li>\n<\/ul>\n<p>\u27a1\ufe0f Gust autentic Rom\u00e2nesc<\/p>\n<h2><b>FAQ \u2013 \u00centreb\u0103ri frecvente<\/b><\/h2>\n<h4>1. Este potrivit pentru un b\u0103rbat care are deja sosuri?<\/h4>\n<p>Da. Acestea sunt sosuri premium, diferite de cele comerciale.<\/p>\n<h4>2. Pot fi folosite la cuptor sau airfryer?<\/h4>\n<p>Da, sunt excelente \u0219i \u00een aceste moduri.<\/p>\n<h4>3. C\u00e2t rezist\u0103 dup\u0103 deschidere?<\/h4>\n<p>30 de zile la frigider.<\/p>\n<h4>4. Este potrivit pentru Cr\u0103ciun?<\/h4>\n<p>Da, este unul dintre cele mai bune <b>cadouri de Cr\u0103ciun<\/b>.<\/p>\n<h4>5. Este bun pentru \u00eencep\u0103tori la <a href=\"https:\/\/angeloff.ro\/categorie-produs\/gratare\/\">gr\u0103tar<\/a>?<\/h4>\n<p>Perfect \u2013 este u\u0219or de folosit \u0219i transform\u0103 orice preparat.<\/p>\n<table>\n<thead>\n<tr>\n<th colspan=\"1\" rowspan=\"1\"><strong>Caracteristic\u0103<\/strong><\/th>\n<th colspan=\"1\" rowspan=\"1\"><strong>Detalii<\/strong><\/th>\n<\/tr>\n<\/thead>\n<tbody>\n<tr>\n<td colspan=\"1\" rowspan=\"1\">Tip produs<\/td>\n<td colspan=\"1\" rowspan=\"1\">Set pachet cadou \/ Sosuri<\/td>\n<\/tr>\n<tr>\n<td colspan=\"1\" rowspan=\"1\">Dimensiuni<\/td>\n<td colspan=\"1\" rowspan=\"1\">30 x 18 x 7 cm<\/td>\n<\/tr>\n<tr>\n<td colspan=\"1\" rowspan=\"1\">Greutate<\/td>\n<td colspan=\"1\" rowspan=\"1\">0,8 kg<\/td>\n<\/tr>\n<tr>\n<td colspan=\"1\" rowspan=\"1\">Perfect pentru<\/td>\n<td colspan=\"1\" rowspan=\"1\">Carne de vit\u0103, pui \u0219i porc<\/td>\n<\/tr>\n<tr>\n<td colspan=\"1\" rowspan=\"1\">Cantitate<\/td>\n<td colspan=\"1\" rowspan=\"1\">3 buc\u0103\u021bi \u00eentr-un set<\/td>\n<\/tr>\n<tr>\n<td colspan=\"1\" rowspan=\"1\">Sosuri<\/td>\n<td colspan=\"1\" rowspan=\"1\">\n<ul>\n<li><a href=\"https:\/\/angeloff.ro\/produs\/sos-bbq-firestorm-sos-bbq-intens-si-picant\/\">Firestorm<\/a><\/li>\n<li><a href=\"https:\/\/angeloff.ro\/produs\/sos-bbq-cherry-bombshell-memphis-1977\/\">Cherry Bombshell<\/a><\/li>\n<li><a href=\"https:\/\/angeloff.ro\/produs\/sos-bbq-memphis-1977-gold-mustard-un-sos-mustar\/\">Gold Mustard<\/a><\/li>\n<\/ul>\n<\/td>\n<\/tr>\n<\/tbody>\n<\/table>\n<p>\ud83d\udc49 Afl\u0103 cadoul <a href=\"https:\/\/angeloff.ro\/produs\/cadou-set-sos-bbq-cutie-din-lemn-memphis-1977\/\"><b>Set sosuri BBQ \u00een cutie de lemn<\/b><\/a> pe <a href=\"http:\/\/angeloff.ro\/\"><b>angeloff.ro<\/b><\/a><b>.<\/b><\/p>","protected":false},"excerpt":{"rendered":"<p><a href=\"https:\/\/angeloff.ro\/produs\/cadou-set-sos-bbq-cutie-din-lemn-memphis-1977\/\"><b>Setul de sosuri BBQ \u00een cutie din lemn<\/b><\/a><span style=\"font-weight: 400;\"> este un set premium compus din trei sosuri BBQ Memphis \u2013 <\/span><a href=\"https:\/\/angeloff.ro\/produs\/sos-bbq-firestorm-sos-bbq-intens-si-picant\/\"><span style=\"font-weight: 400;\">Firestorm<\/span><\/a><span style=\"font-weight: 400;\">, <\/span><a href=\"https:\/\/angeloff.ro\/produs\/sos-bbq-cherry-bombshell-memphis-1977\/\"><span style=\"font-weight: 400;\">Cherry Bombshell<\/span><\/a><span style=\"font-weight: 400;\"> \u0219i <\/span><a href=\"https:\/\/angeloff.ro\/produs\/sos-bbq-memphis-1977-gold-mustard-un-sos-mustar\/\"><span style=\"font-weight: 400;\">Gold Mustard<\/span><\/a><span style=\"font-weight: 400;\"> \u2013 ambalate \u00eentr-o cutie elegant\u0103 de lemn. Ideal ca \u0219i Cadou pentru iubitorii de gr\u0103tare, g\u0103tit at\u00e2t \u00een buc\u0103t\u0103rie c\u00e2t \u0219i outdoor. Acest set ofer\u0103 arome intense, naturale \u0219i autentice. Descoper\u0103 gustul real BBQ cu <\/span><a href=\"https:\/\/angeloff.ro\/produs\/cadou-set-sos-bbq-cutie-din-lemn-memphis-1977\/\"><b>Set sosuri BBQ \u00een cutie de lemn<\/b><\/a><span style=\"font-weight: 400;\">.<\/span><\/p>\n<p>&nbsp;<\/p>\n<p><b>\u203c\ufe0fDac\u0103 vrei s\u0103-l faci cadou cuiva drag, ne po\u021bi scrie \u00een men\u021biune acest lucru, iar noi \u021bi-l trimitem \u00eempachetat!<\/b><\/p>","protected":false},"featured_media":18101,"template":"","meta":[],"product_brand":[198],"product_cat":[111,140],"product_tag":[],"class_list":{"0":"post-18092","1":"product","2":"type-product","3":"status-publish","4":"has-post-thumbnail","6":"product_brand-weber","7":"product_cat-accesorii","8":"product_cat-sosuri-condimente","10":"first","11":"instock","12":"sale","13":"taxable","14":"shipping-taxable","15":"purchasable","16":"product-type-simple"},"_links":{"self":[{"href":"https:\/\/angeloff.ro\/en\/wp-json\/wp\/v2\/product\/18092","targetHints":{"allow":["GET"]}}],"collection":[{"href":"https:\/\/angeloff.ro\/en\/wp-json\/wp\/v2\/product"}],"about":[{"href":"https:\/\/angeloff.ro\/en\/wp-json\/wp\/v2\/types\/product"}],"version-history":[{"count":2,"href":"https:\/\/angeloff.ro\/en\/wp-json\/wp\/v2\/product\/18092\/revisions"}],"predecessor-version":[{"id":31147,"href":"https:\/\/angeloff.ro\/en\/wp-json\/wp\/v2\/product\/18092\/revisions\/31147"}],"wp:featuredmedia":[{"embeddable":true,"href":"https:\/\/angeloff.ro\/en\/wp-json\/wp\/v2\/media\/18101"}],"wp:attachment":[{"href":"https:\/\/angeloff.ro\/en\/wp-json\/wp\/v2\/media?parent=18092"}],"wp:term":[{"taxonomy":"product_brand","embeddable":true,"href":"https:\/\/angeloff.ro\/en\/wp-json\/wp\/v2\/product_brand?post=18092"},{"taxonomy":"product_cat","embeddable":true,"href":"https:\/\/angeloff.ro\/en\/wp-json\/wp\/v2\/product_cat?post=18092"},{"taxonomy":"product_tag","embeddable":true,"href":"https:\/\/angeloff.ro\/en\/wp-json\/wp\/v2\/product_tag?post=18092"}],"curies":[{"name":"wp","href":"https:\/\/api.w.org\/{rel}","templated":true}]}}