{"id":15332,"date":"2024-12-17T12:51:16","date_gmt":"2024-12-17T12:51:16","guid":{"rendered":"https:\/\/angeloff.ro\/?post_type=product&#038;p=15332"},"modified":"2026-05-05T07:48:44","modified_gmt":"2026-05-05T07:48:44","slug":"pachet-cadou-cu-2-condimente-pentru-grill-memphis-1977-vegetables-shaorma","status":"publish","type":"product","link":"https:\/\/angeloff.ro\/en\/product\/pachet-cadou-cu-2-condimente-pentru-grill-memphis-1977-vegetables-shaorma\/","title":{"rendered":"Pachet cadou cu 2 condimente pentru grill, Memphis 1977 &#8211; Vegetables &#038; Shaorma"},"content":{"rendered":"<h2>Pachet cadou cu 2 condimente pentru grill, Memphis 1977 &#8211; Vegetables &amp; Shaorma<\/h2>\n<p>Pachet cadou cu 2 condimente pentru grill, Memphis 1977 &#8211; Vegetables &amp; Shaorma \u2013 combina\u021bie ideal\u0103 pentru legume la grill \u0219i re\u021bete de zi cu zi.<\/p>\n<h3>Con\u021binut<\/h3>\n<ul>\n<li>2 condimente pentru legume \u0219i grill<\/li>\n<li>Arome complementare pentru versatilitate<\/li>\n<\/ul>\n<h3>De ce merit\u0103<\/h3>\n<p>U\u0219or de folosit \u00een orice buc\u0103t\u0103rie. Comand\u0103 acum.<\/p>","protected":false},"excerpt":{"rendered":"<p><strong>Pachet cadou cu 2 condimente pentru grill, Memphis 1977 &#8211; Vegetables &amp; Shaorma<\/strong>: Pachet cadou cu 2 condimente pentru grill Memphis 1977 &#8211; Vegetables &amp; Shaorma aduce un plus de arom\u0103 preparatelor la gr\u0103tar. Alege calitatea pentru BBQ reu\u0219it.<\/p>","protected":false},"featured_media":15333,"template":"","meta":[],"product_brand":[287],"product_cat":[111,140],"product_tag":[],"class_list":{"0":"post-15332","1":"product","2":"type-product","3":"status-publish","4":"has-post-thumbnail","6":"product_brand-memphis-bbq","7":"product_cat-accesorii","8":"product_cat-sosuri-condimente","10":"first","11":"outofstock","12":"sale","13":"taxable","14":"shipping-taxable","15":"purchasable","16":"product-type-simple"},"_links":{"self":[{"href":"https:\/\/angeloff.ro\/en\/wp-json\/wp\/v2\/product\/15332","targetHints":{"allow":["GET"]}}],"collection":[{"href":"https:\/\/angeloff.ro\/en\/wp-json\/wp\/v2\/product"}],"about":[{"href":"https:\/\/angeloff.ro\/en\/wp-json\/wp\/v2\/types\/product"}],"version-history":[{"count":2,"href":"https:\/\/angeloff.ro\/en\/wp-json\/wp\/v2\/product\/15332\/revisions"}],"predecessor-version":[{"id":30724,"href":"https:\/\/angeloff.ro\/en\/wp-json\/wp\/v2\/product\/15332\/revisions\/30724"}],"wp:featuredmedia":[{"embeddable":true,"href":"https:\/\/angeloff.ro\/en\/wp-json\/wp\/v2\/media\/15333"}],"wp:attachment":[{"href":"https:\/\/angeloff.ro\/en\/wp-json\/wp\/v2\/media?parent=15332"}],"wp:term":[{"taxonomy":"product_brand","embeddable":true,"href":"https:\/\/angeloff.ro\/en\/wp-json\/wp\/v2\/product_brand?post=15332"},{"taxonomy":"product_cat","embeddable":true,"href":"https:\/\/angeloff.ro\/en\/wp-json\/wp\/v2\/product_cat?post=15332"},{"taxonomy":"product_tag","embeddable":true,"href":"https:\/\/angeloff.ro\/en\/wp-json\/wp\/v2\/product_tag?post=15332"}],"curies":[{"name":"wp","href":"https:\/\/api.w.org\/{rel}","templated":true}]}}