{"id":14891,"date":"2024-10-21T08:57:55","date_gmt":"2024-10-21T08:57:55","guid":{"rendered":"https:\/\/angeloff.ro\/?post_type=product&#038;p=14891"},"modified":"2026-04-22T23:32:52","modified_gmt":"2026-04-22T23:32:52","slug":"gratar-electric-q-2400-antracit-cu-suport-weber","status":"publish","type":"product","link":"https:\/\/angeloff.ro\/en\/product\/gratar-electric-q-2400-antracit-cu-suport-weber\/","title":{"rendered":"Gr\u0103tar electric Weber Q2400 \u2013 Antracit cu suport"},"content":{"rendered":"<link rel=\"stylesheet\" id=\"wd-text-block-css\" href=\"https:\/\/angeloff.ro\/wp-content\/themes\/woodmart\/css\/parts\/el-text-block.min.css?ver=8.3.7\" type=\"text\/css\" media=\"all\" \/>\n<h2><b>\ud83d\udd25 Putere, confort \u0219i gust autentic Weber<\/b><\/h2>\n<p>Dac\u0103 iube\u0219ti g\u0103titul \u00een aer liber, dar locuie\u0219ti la ora\u0219, <a href=\"https:\/\/angeloff.ro\/produs\/gratar-electric-q-2400-antracit-cu-suport-weber\/\"><b>Gr\u0103tarul electric Weber Q2400 \u2013 Antracit cu suport<\/b><\/a> este alegerea ideal\u0103. Elegant, stabil \u0219i u\u0219or de folosit, acest model combin\u0103 <b>puterea de 2200 W<\/b>, <b>suprafa\u021ba generoas\u0103 de 2106 cm\u00b2<\/b> \u0219i <b>capacul dublu izolat cu reflector de c\u0103ldur\u0103<\/b>, ad\u0103ug\u00e2nd acum un <b>suport metalic ergonomic<\/b> ce ofer\u0103 <b>\u00een\u0103l\u021bimea perfect\u0103 de lucru<\/b> \u0219i stabilitate excelent\u0103 pe orice suprafa\u021b\u0103. Totul este g\u00e2ndit pentru confort, durabilitate \u0219i gust \u2013 semn\u0103tura autentic\u0103 Weber.<\/p>\n<h2><b>Performan\u021b\u0103 premium pentru orice spa\u021biu urban<\/b><\/h2>\n<p>Fie c\u0103 preg\u0103te\u0219ti steak-uri, burgeri, pe\u0219te sau legume, <a href=\"https:\/\/angeloff.ro\/produs\/gratar-electric-q-2400-antracit-cu-suport-weber\/\">Weber Q2400<\/a> cu suport \u00ee\u021bi ofer\u0103 <b>rezultate profesionale<\/b> \u00een doar c\u00e2teva minute. Datorit\u0103 grilelor groase din font\u0103 emailat\u0103 \u0219i capacului dublu din aluminiu turnat, c\u0103ldura se distribuie uniform \u0219i men\u021bine aromele naturale ale alimentelor. Cu o pre\u00eenc\u0103lzire rapid\u0103 \u0219i un control precis al temperaturii, g\u0103te\u0219ti s\u0103n\u0103tos, f\u0103r\u0103 fum \u0219i f\u0103r\u0103 stres.<\/p>\n<h3><b>Avantaje principale:<\/b><\/h3>\n<ul>\n<li style=\"font-weight: 400;\" aria-level=\"1\">\u26a1 Putere 2200 W \u2013 \u00eenc\u0103lzire complet\u0103 \u00een mai pu\u021bin de 10 minute.<\/li>\n<li style=\"font-weight: 400;\" aria-level=\"1\">\ud83c\udf21\ufe0f Temperatur\u0103 maxim\u0103 280 \u00b0C \u2013 ideal\u0103 pentru fripturi, burgeri sau legume.<\/li>\n<li style=\"font-weight: 400;\" aria-level=\"1\">\ud83c\udf56 Suprafa\u021b\u0103 de g\u0103tit 2106 cm\u00b2 \u2013 suficient\u0103 pentru 3\u20134 persoane.<\/li>\n<li style=\"font-weight: 400;\" aria-level=\"1\">\ud83e\uddf1 Capac dublu izolat cu reflector \u2013 re\u021bine \u0219i distribuie uniform c\u0103ldura.<\/li>\n<li style=\"font-weight: 400;\" aria-level=\"1\">\ud83d\udd25 Spiral\u0103 electric\u0103 cu autocur\u0103\u021bare \u2013 f\u0103r\u0103 \u00eentre\u021binere complicat\u0103.<\/li>\n<li style=\"font-weight: 400;\" aria-level=\"1\">\ud83c\udf73 Grile din font\u0103 emailat\u0103 \u2013 rezistente, antiaderente \u0219i u\u0219or de cur\u0103\u021bat.<\/li>\n<li style=\"font-weight: 400;\" aria-level=\"1\">\ud83d\udca8 F\u0103r\u0103 fum vizibil \u2013 perfect pentru terase, balcoane sau buc\u0103t\u0103rii deschise.<\/li>\n<li style=\"font-weight: 400;\" aria-level=\"1\">\ud83e\uddfd Tav\u0103 frontal\u0103 deta\u0219abil\u0103 pentru gr\u0103simi \u2013 cur\u0103\u021bare rapid\u0103 \u0219i eficient\u0103.<\/li>\n<li style=\"font-weight: 400;\" aria-level=\"1\">\ud83e\udeb6 Suport stabil din o\u021bel \u2013 \u00een\u0103l\u021bime ergonomic\u0103 \u0219i confort maxim la g\u0103tit.<\/li>\n<\/ul>\n<p>Cu <a href=\"https:\/\/angeloff.ro\/produs\/gratar-electric-q-2400-antracit-cu-suport-weber\/\">Weber Q2400 cu stand<\/a>, fiecare cin\u0103 devine o experien\u021b\u0103 gourmet autentic\u0103 \u2013 simpl\u0103, elegant\u0103 \u0219i curat\u0103.<\/p>\n<h2><b>Design inteligent &amp; construc\u021bie robust\u0103<\/b><\/h2>\n<p>Designul <a href=\"https:\/\/angeloff.ro\/produs\/gratar-electric-q-2400-antracit-cu-suport-weber\/\">Weber Q2400 cu suport<\/a> \u00eembin\u0103 <b>mobilitatea<\/b> cu <b>stabilitatea<\/b>. Suportul metalic ofer\u0103 o \u00een\u0103l\u021bime optim\u0103 de lucru (~1 m) \u0219i este dotat cu <b>trei c\u00e2rlige frontale<\/b> pentru ustensile, astfel \u00eenc\u00e2t ai totul la \u00eendem\u00e2n\u0103. Capacul \u0219i cuva sunt din <b>aluminiu turnat<\/b>, u\u0219or, dar extrem de durabil, iar cadrul din fibr\u0103 de sticl\u0103 acoperit cu nylon rezist\u0103 perfect la umiditate \u0219i temperaturi ridicate.<\/p>\n<h3><b>Detalii constructive:<\/b><\/h3>\n<ul>\n<li style=\"font-weight: 400;\" aria-level=\"1\">\ud83e\udde9 Suport metalic integrat cu sistem de fixare stabil.<\/li>\n<li style=\"font-weight: 400;\" aria-level=\"1\">\ud83e\uddf1 Capac dublu emailat cu reflector de c\u0103ldur\u0103.<\/li>\n<li style=\"font-weight: 400;\" aria-level=\"1\">\ud83e\udde4 M\u00e2nere ergonomice pentru transport facil.<\/li>\n<li style=\"font-weight: 400;\" aria-level=\"1\">\u2699\ufe0f Termostat reglabil f\u0103r\u0103 trepte \u2013 control precis al temperaturii.<\/li>\n<li style=\"font-weight: 400;\" aria-level=\"1\">\ud83d\udc8e Design modern, finisaj antracit mat \u2013 aspect profesional Weber.<\/li>\n<\/ul>\n<p>Capacul reflect\u0103 c\u0103ldura uniform \u00een interior, oferind o g\u0103tire perfect echilibrat\u0103 \u0219i un consum redus de energie.<\/p>\n<h2><b>Calitate Weber \u2013 durabilitate \u0219i confort garantat<\/b><\/h2>\n<p>Weber \u00eenseamn\u0103 calitate care dureaz\u0103. <a href=\"https:\/\/angeloff.ro\/produs\/gratar-electric-q-2400-antracit-cu-suport-weber\/\">Gr\u0103tarul electric Q2400 cu supor<\/a>t este construit din materiale premium, testate pentru a rezista \u00een timp \u0219i a oferi aceea\u0219i performan\u021b\u0103 de la prima p\u00e2n\u0103 la ultima utilizare.<\/p>\n<h3><b>Materiale \u0219i tehnologie:<\/b><\/h3>\n<ul>\n<li style=\"font-weight: 400;\" aria-level=\"1\">Capac \u0219i cuv\u0103 din <b>aluminiu turnat<\/b> \u2013 rezistente la rugin\u0103 \u0219i deformare.<\/li>\n<li style=\"font-weight: 400;\" aria-level=\"1\">Grile din <b>font\u0103 emailat\u0103<\/b> \u2013 p\u0103streaz\u0103 c\u0103ldura \u0219i se cur\u0103\u021b\u0103 u\u0219or.<\/li>\n<li style=\"font-weight: 400;\" aria-level=\"1\">Spiral\u0103 electric\u0103 solid\u0103 \u2013 sistem de autocur\u0103\u021bare integrat.<\/li>\n<li style=\"font-weight: 400;\" aria-level=\"1\">Tav\u0103 frontal\u0103 deta\u0219abil\u0103 \u2013 colecteaz\u0103 eficient gr\u0103simile.<\/li>\n<li style=\"font-weight: 400;\" aria-level=\"1\">Suport metalic robust \u2013 stabil \u0219i sigur \u00een utilizare.<\/li>\n<\/ul>\n<p>Weber ofer\u0103 p\u00e2n\u0103 la <b>5 ani garan\u021bie<\/b> pe componente, confirm\u00e2nd tradi\u021bia sa \u00een calitate \u0219i inova\u021bie.<\/p>\n<h2><b>Sfaturi gratar de la Angeloff<\/b><\/h2>\n<ol>\n<li style=\"font-weight: 400;\" aria-level=\"1\">Scoate carnea din frigider cu 1 or\u0103 \u00eenainte \u2013 <b>nu g\u0103ti niciodat\u0103 carne rece sau congelat\u0103.<\/b><\/li>\n<li style=\"font-weight: 400;\" aria-level=\"1\">Pre\u00eenc\u0103lze\u0219te gr\u0103tarul 10 minute la putere maxim\u0103.<\/li>\n<li style=\"font-weight: 400;\" aria-level=\"1\">Unge grilele cu pu\u021bin ulei de m\u0103sline \u00eenainte de g\u0103tit.<\/li>\n<li style=\"font-weight: 400;\" aria-level=\"1\">Folose\u0219te <a href=\"https:\/\/angeloff.ro\/produs\/15469\/\"><b>condimente Memphis<\/b><\/a> pentru o arom\u0103 autentic\u0103 BBQ.<\/li>\n<li style=\"font-weight: 400;\" aria-level=\"1\">Verific\u0103 temperatura cu <a href=\"https:\/\/angeloff.ro\/produs\/termometru-digital-cu-citire-rapida-weber\/\"><b>termometrul digital pentru carne Weber<\/b><\/a> \u2013 un steak perfect are 55\u201357\u00b0C la interior.<\/li>\n<li style=\"font-weight: 400;\" aria-level=\"1\">Serve\u0219te preparatele cu <a href=\"https:\/\/angeloff.ro\/produs\/sos-bbq-firestorm-sos-bbq-intens-si-picant\/\"><b>sosuri BBQ Memphis<\/b><\/a> pentru o arom\u0103 dulce-afumat\u0103 american\u0103.<\/li>\n<\/ol>\n<p>\ud83d\udc49 Completeaz\u0103 experien\u021ba cu <a href=\"https:\/\/angeloff.ro\/produs\/cleste-de-intors-carne-inox-silicon-40-cm-big-green-egg\/\"><b>cle\u015ftele inox<\/b><\/a> \u0219i <a href=\"https:\/\/angeloff.ro\/produs\/manusi-de-protectie-pentru-bbq-angeloff\/\"><b>m\u0103nu\u0219ile termorezistente<\/b><\/a> pentru control \u0219i siguran\u021b\u0103 total\u0103.<\/p>\n<h2><b>Experien\u021ba Weber \u2013 confort, stil \u0219i gust autentic<\/b><\/h2>\n<p><a href=\"https:\/\/angeloff.ro\/produs\/gratar-electric-q-2400-antracit-cu-suport-weber\/\">Weber Q2400 cu suport<\/a> este mai mult dec\u00e2t un gr\u0103tar electric \u2013 este un <b>stil de via\u021b\u0103 urban premium. <\/b>Designul elegant, func\u021bionarea silen\u021bioas\u0103 \u0219i gustul autentic Weber transform\u0103 orice balcon \u00eentr-un col\u021b de BBQ modern.<\/p>\n<h3><b>De ce aleg clien\u021bii <\/b><a href=\"https:\/\/angeloff.ro\/produs\/gratar-electric-q-2400-antracit-cu-suport-weber\/\"><b>Weber Q2400 cu suport<\/b><\/a><b>:<\/b><\/h3>\n<ul>\n<li style=\"font-weight: 400;\" aria-level=\"1\">\ud83c\udfd9\ufe0f Perfect pentru balcoane \u0219i terase \u2013 f\u0103r\u0103 flac\u0103r\u0103, f\u0103r\u0103 fum vizibil.<\/li>\n<li style=\"font-weight: 400;\" aria-level=\"1\">\ud83c\udf57 Ofer\u0103 gustul autentic Weber, chiar f\u0103r\u0103 c\u0103rbuni.<\/li>\n<li style=\"font-weight: 400;\" aria-level=\"1\">\ud83e\uddd1\u200d\ud83c\udf73 U\u0219or de cur\u0103\u021bat \u0219i \u00eentre\u021binut.<\/li>\n<li style=\"font-weight: 400;\" aria-level=\"1\">\u2699\ufe0f Stabil, sigur \u0219i confortabil la utilizare.<\/li>\n<li style=\"font-weight: 400;\" aria-level=\"1\">\ud83c\udf0d Ecologic \u2013 consum redus, f\u0103r\u0103 emisii.<\/li>\n<\/ul>\n<h2><a href=\"https:\/\/angeloff.ro\/categorie-produs\/accesorii\/curatare-intretinere-gratar\/\"><b>\u00centre\u021binere &amp; cur\u0103\u021bare<\/b><\/a><\/h2>\n<p><a href=\"https:\/\/angeloff.ro\/produs\/gratar-electric-q-2400-antracit-cu-suport-weber\/\">Q2400 cu suport<\/a> este conceput pentru <b>cur\u0103\u021bare rapid\u0103 \u0219i simpl\u0103. <\/b>Toate componentele principale sunt deta\u0219abile \u0219i lavabile<\/p>\n<h2><b>Recomand\u0103ri Angeloff:<\/b><\/h2>\n<ul>\n<li style=\"font-weight: 400;\" aria-level=\"1\">Cur\u0103\u021b\u0103 grilele imediat dup\u0103 g\u0103tire, c\u00e2t sunt u\u0219or calde.<\/li>\n<li style=\"font-weight: 400;\" aria-level=\"1\">Scoate tava de gr\u0103simi \u0219i spal-o cu ap\u0103 cald\u0103 \u0219i detergent bl\u00e2nd.<\/li>\n<li style=\"font-weight: 400;\" aria-level=\"1\">Nu folosi bure\u021bi abrazivi \u2013 utilizeaz\u0103 <a href=\"https:\/\/angeloff.ro\/produs\/perie-de-curatat-kamado-cu-maner-lung-big-green-egg\/\"><b>perie de cur\u0103\u021bare<\/b><\/a>.<\/li>\n<li style=\"font-weight: 400;\" aria-level=\"1\">Protejeaz\u0103 gr\u0103tarul cu <a href=\"https:\/\/angeloff.ro\/categorie-produs\/huse\/huse-gratar\/\"><b>husa Angeloff<\/b><\/a> dup\u0103 fiecare utilizare.<\/li>\n<\/ul>\n<p>Astfel, gr\u0103tarul t\u0103u va r\u0103m\u00e2ne impecabil ani la r\u00e2nd.<\/p>\n<h2><b>\u00centreb\u0103ri frecvente (FAQ)<\/b><\/h2>\n<h4>1. Gr\u0103tarul electric <a href=\"https:\/\/angeloff.ro\/produs\/gratar-electric-q-2400-antracit-cu-suport-weber\/\">Weber Q2400<\/a> produce fum?<\/h4>\n<p>Foarte pu\u021bin. Capacul dublu izolat \u0219i tava de gr\u0103simi reduc aproape complet fumul. Po\u021bi g\u0103ti \u00een siguran\u021b\u0103 pe balcon sau teras\u0103, f\u0103r\u0103 fum vizibil \u0219i f\u0103r\u0103 miros persistent.<\/p>\n<h4>2. Pot g\u0103ti carne congelat\u0103?<\/h4>\n<p>Nu. <b>Niciodat\u0103 nu g\u0103ti carne \u00eenghe\u021bat\u0103 sau foarte rece. <\/b>Dezghea\u021b-o lent \u00een frigider cu 24 de ore \u00eenainte, apoi las-o 1 or\u0103 la temperatura camerei pentru g\u0103tire uniform\u0103 \u0219i fraged\u0103.<\/p>\n<h4>3. C\u00e2t timp dureaz\u0103 pre\u00eenc\u0103lzirea?<\/h4>\n<p>\u00cen aproximativ 10 minute, gr\u0103tarul atinge 280\u00b0C. Grilele din font\u0103 p\u0103streaz\u0103 perfect c\u0103ldura \u0219i creeaz\u0103 urmele clasice de BBQ.<\/p>\n<h4>4. Ce pot g\u0103ti pe <a href=\"https:\/\/angeloff.ro\/produs\/gratar-electric-q-2400-antracit-cu-suport-weber\/\">Weber Q2400<\/a>?<\/h4>\n<p>Tot ce \u00ee\u021bi dore\u0219ti: carne ro\u0219ie, pui, pe\u0219te, legume, burgeri, chiar \u0219i pizza. Temperatura reglabil\u0103 f\u0103r\u0103 trepte \u00ee\u021bi permite s\u0103 adaptezi perfect fiecare preparat.<\/p>\n<h4>5. Care sunt avantajele suportului metalic?<\/h4>\n<ul>\n<li style=\"font-weight: 400;\" aria-level=\"1\">Asigur\u0103 o <b>\u00een\u0103l\u021bime ergonomic\u0103 de lucru (~1 m)<\/b>.<\/li>\n<li style=\"font-weight: 400;\" aria-level=\"1\">Include <b>3 c\u00e2rlige frontale<\/b> pentru ustensile.<\/li>\n<li style=\"font-weight: 400;\" aria-level=\"1\">Ofer\u0103 <b>stabilitate excelent\u0103<\/b> \u0219i permite depozitarea u\u0219oar\u0103. Ideal pentru utilizare confortabil\u0103 \u0219i sigur\u0103.<\/li>\n<\/ul>\n<h4>6. Este potrivit pentru balcon sau apartament?<\/h4>\n<p>Da. Este conceput special pentru spa\u021bii urbane. Nu are flac\u0103r\u0103 deschis\u0103 \u0219i genereaz\u0103 <b>fum minim<\/b>, deci este ideal pentru apartamente cu balcon sau terase mici.<\/p>\n<h4>7. Cum se cur\u0103\u021b\u0103 spirala electric\u0103?<\/h4>\n<p>Spirala are <b>func\u021bie de autocur\u0103\u021bare<\/b>. Porne\u0219te gr\u0103tarul gol timp de 10 minute dup\u0103 utilizare \u2013 reziduurile se carbonizeaz\u0103 \u0219i se cur\u0103\u021b\u0103 u\u0219or.<\/p>\n<h4>8. Ce garan\u021bie ofer\u0103 Weber?<\/h4>\n<p>P\u00e2n\u0103 la <b>5 ani<\/b>, \u00een func\u021bie de componente:<\/p>\n<ul>\n<li style=\"font-weight: 400;\" aria-level=\"1\">Capac \u0219i cuv\u0103: 5 ani \u00eempotriva ruginii;<\/li>\n<li style=\"font-weight: 400;\" aria-level=\"1\">Grile: 5 ani \u00eempotriva arderii;<\/li>\n<li style=\"font-weight: 400;\" aria-level=\"1\">Plastic: 5 ani (cu excep\u021bia decolor\u0103rii);<\/li>\n<li style=\"font-weight: 400;\" aria-level=\"1\">Alte piese: 2 ani.<\/li>\n<\/ul>\n<h4>9. Cum pot prelungi durata de via\u021b\u0103 a <a href=\"https:\/\/angeloff.ro\/categorie-produs\/gratare\/\">gr\u0103tarului<\/a>?<\/h4>\n<ul>\n<li style=\"font-weight: 400;\" aria-level=\"1\">Cur\u0103\u021b\u0103-l regulat.<\/li>\n<li style=\"font-weight: 400;\" aria-level=\"1\">Evit\u0103 \u0219ocurile termice.<\/li>\n<li style=\"font-weight: 400;\" aria-level=\"1\">Folose\u0219te doar <a href=\"https:\/\/angeloff.ro\/categorie-produs\/accesorii\/\">accesorii originale Weber<\/a>.<\/li>\n<\/ul>\n<p>Acoper\u0103-l cu <a href=\"https:\/\/angeloff.ro\/categorie-produs\/huse\/huse-gratar\/\"><b>husa de protec\u021bie<\/b><\/a> dup\u0103 fiecare utilizare.<\/p>\n<link rel=\"stylesheet\" id=\"wd-el-table-css\" href=\"https:\/\/angeloff.ro\/wp-content\/themes\/woodmart\/css\/parts\/el-table.min.css?ver=8.3.7\" type=\"text\/css\" media=\"all\" \/>\n<table>\n<thead>\n<tr>\n<th colspan=\"1\" rowspan=\"1\">\n<p><strong>Caracteristic\u0103<\/strong><\/p>\n<\/th>\n<th colspan=\"1\" rowspan=\"1\">\n<p><strong>Detalii<\/strong><\/p>\n<\/th>\n<\/tr>\n<\/thead>\n<tbody>\n<tr>\n<td colspan=\"1\" rowspan=\"1\">\n<p>Tip produs<\/p>\n<\/td>\n<td colspan=\"1\" rowspan=\"1\">\n<p>Gr\u0103tar electric<\/p>\n<\/td>\n<\/tr>\n<tr>\n<td colspan=\"1\" rowspan=\"1\">\n<p>Suprafa\u021b\u0103 de g\u0103tit<\/p>\n<\/td>\n<td colspan=\"1\" rowspan=\"1\">\n<p>2106 cm\u00b2<\/p>\n<\/td>\n<\/tr>\n<tr>\n<td colspan=\"1\" rowspan=\"1\">\n<p>Nr. arz\u0103toare<\/p>\n<\/td>\n<td colspan=\"1\" rowspan=\"1\">\n<p>1<\/p>\n<\/td>\n<\/tr>\n<tr>\n<td colspan=\"1\" rowspan=\"1\">\n<p>Material<\/p>\n<\/td>\n<td colspan=\"1\" rowspan=\"1\">\n<p>font\u0103, aluminiu<\/p>\n<\/td>\n<\/tr>\n<tr>\n<td colspan=\"1\" rowspan=\"1\">\n<p>Culoare<\/p>\n<\/td>\n<td colspan=\"1\" rowspan=\"1\">\n<p>gri antracit<\/p>\n<\/td>\n<\/tr>\n<tr>\n<td colspan=\"1\" rowspan=\"1\">\n<p>Greutate<\/p>\n<\/td>\n<td colspan=\"1\" rowspan=\"1\">\n<p>23,4 kg<\/p>\n<\/td>\n<\/tr>\n<tr>\n<td colspan=\"1\" rowspan=\"1\">\n<p>Dimensiuni<\/p>\n<\/td>\n<td colspan=\"1\" rowspan=\"1\">\n<p>103,6 x 62,2 x 104,1 cm<\/p>\n<\/td>\n<\/tr>\n<tr>\n<td colspan=\"1\" rowspan=\"1\">\n<p>Putere<\/p>\n<\/td>\n<td colspan=\"1\" rowspan=\"1\">\n<p>2200 W<\/p>\n<\/td>\n<\/tr>\n<tr>\n<td colspan=\"1\" rowspan=\"1\">\n<p>Nr. persoane<\/p>\n<\/td>\n<td colspan=\"1\" rowspan=\"1\">\n<p>P\u00e2n\u0103 \u00een 4<\/p>\n<\/td>\n<\/tr>\n<tr>\n<td colspan=\"1\" rowspan=\"1\">\n<p>Specifica\u021bii<\/p>\n<\/td>\n<td colspan=\"1\" rowspan=\"1\">\n<p>Suport + m\u0103su\u021be laterale<\/p>\n<\/td>\n<\/tr>\n<tr>\n<td colspan=\"1\" rowspan=\"1\">\n<p>Garan\u021bie<\/p>\n<\/td>\n<td colspan=\"1\" rowspan=\"1\">\n<p>P\u00e2n\u0103 la 5 ani garan\u021bie (difer\u0103 de piesele individuale. <strong>A se vedea termenii \u0219i condi\u021biile de garan\u021bie.<\/strong>)<\/p>\n<\/td>\n<\/tr>\n<\/tbody>\n<\/table>\n<h2><b>Concluzie &amp; recomandare<\/b><\/h2>\n<p><a href=\"https:\/\/angeloff.ro\/produs\/gratar-electric-q-2400-antracit-cu-suport-weber\/\"><b>Gr\u0103tarul electric Weber Q2400 \u2013 Antracit cu suport<\/b> <\/a>\u00eembin\u0103 puterea, confortul \u0219i gustul autentic Weber \u00eentr-un design modern \u0219i stabil. Ideal pentru g\u0103tit pe balcon sau teras\u0103, ofer\u0103 performan\u021b\u0103 profesional\u0103 f\u0103r\u0103 fum \u0219i f\u0103r\u0103 compromisuri.<\/p>\n<p>\ud83d\udc49 <b>Comand\u0103 acum pe <\/b><a href=\"http:\/\/angeloff.ro\/\"><b>angeloff.ro<\/b><\/a> \u0219i transform\u0103 fiecare mas\u0103 \u00eentr-o experien\u021b\u0103 Weber autentic\u0103! Completeaz\u0103 setul t\u0103u cu:<\/p>\n<ul>\n<li style=\"font-weight: 400;\" aria-level=\"1\"><a href=\"https:\/\/angeloff.ro\/produs\/cleste-de-intors-carne-inox-silicon-40-cm-big-green-egg\/\">Cle\u015fte inox<\/a><\/li>\n<li style=\"font-weight: 400;\" aria-level=\"1\"><a href=\"https:\/\/angeloff.ro\/produs\/manusi-de-protectie-pentru-bbq-angeloff\/\">M\u0103nu\u0219i termorezistente<\/a><\/li>\n<li style=\"font-weight: 400;\" aria-level=\"1\"><a href=\"https:\/\/angeloff.ro\/produs\/termometru-digital-cu-citire-rapida-weber\/\">Termometru digital carne Weber<\/a><\/li>\n<li style=\"font-weight: 400;\" aria-level=\"1\"><a href=\"https:\/\/angeloff.ro\/produs\/condiment-memphis-shaorma-amestec-pentru-shaorma-kebab-si-preparate-la-gratar\/\">Condimente Grill &amp; BBQ Memphis<\/a><\/li>\n<li style=\"font-weight: 400;\" aria-level=\"1\"><a href=\"https:\/\/angeloff.ro\/produs\/sos-bbq-cherry-bombshell-memphis-1977\/\">Sos BBQ Memphis<\/a><\/li>\n<\/ul>","protected":false},"excerpt":{"rendered":"<p><a href=\"https:\/\/angeloff.ro\/produs\/gratar-electric-q-2400-antracit-cu-suport-weber\/\"><span style=\"font-weight: 400;\">Gr\u0103tarul electric Weber Q2400 \u2013 Antracit cu suport<\/span><\/a><span style=\"font-weight: 400;\"> ofer\u0103 putere 2200W, capac dublu izolat \u0219i suprafa\u021b\u0103 mare 2106 cm\u00b2. Cu suport metalic stabil \u0219i design elegant, este perfect pentru terase \u0219i balcoane \u2013 f\u0103r\u0103 fum, doar gust Weber autentic.<\/span><\/p>","protected":false},"featured_media":29665,"template":"","meta":[],"product_brand":[198],"product_cat":[101,173],"product_tag":[],"class_list":{"0":"post-14891","1":"product","2":"type-product","3":"status-publish","4":"has-post-thumbnail","6":"product_brand-weber","7":"product_cat-gratare","8":"product_cat-gratare-electrice","10":"first","11":"onbackorder","12":"taxable","13":"shipping-taxable","14":"purchasable","15":"product-type-simple"},"_links":{"self":[{"href":"https:\/\/angeloff.ro\/en\/wp-json\/wp\/v2\/product\/14891","targetHints":{"allow":["GET"]}}],"collection":[{"href":"https:\/\/angeloff.ro\/en\/wp-json\/wp\/v2\/product"}],"about":[{"href":"https:\/\/angeloff.ro\/en\/wp-json\/wp\/v2\/types\/product"}],"version-history":[{"count":0,"href":"https:\/\/angeloff.ro\/en\/wp-json\/wp\/v2\/product\/14891\/revisions"}],"wp:featuredmedia":[{"embeddable":true,"href":"https:\/\/angeloff.ro\/en\/wp-json\/wp\/v2\/media\/29665"}],"wp:attachment":[{"href":"https:\/\/angeloff.ro\/en\/wp-json\/wp\/v2\/media?parent=14891"}],"wp:term":[{"taxonomy":"product_brand","embeddable":true,"href":"https:\/\/angeloff.ro\/en\/wp-json\/wp\/v2\/product_brand?post=14891"},{"taxonomy":"product_cat","embeddable":true,"href":"https:\/\/angeloff.ro\/en\/wp-json\/wp\/v2\/product_cat?post=14891"},{"taxonomy":"product_tag","embeddable":true,"href":"https:\/\/angeloff.ro\/en\/wp-json\/wp\/v2\/product_tag?post=14891"}],"curies":[{"name":"wp","href":"https:\/\/api.w.org\/{rel}","templated":true}]}}