{"id":14105,"date":"2024-07-18T09:09:32","date_gmt":"2024-07-18T09:09:32","guid":{"rendered":"https:\/\/angeloff.ro\/?post_type=product&#038;p=14105"},"modified":"2026-04-22T23:32:46","modified_gmt":"2026-04-22T23:32:46","slug":"unealta-pentru-ridicarea-grilei-angeloff","status":"publish","type":"product","link":"https:\/\/angeloff.ro\/en\/product\/unealta-pentru-ridicarea-grilei-angeloff\/","title":{"rendered":"Unealt\u0103 pentru ridicarea grilei, Angeloff"},"content":{"rendered":"<p>Descoper\u0103 ultima inova\u021bie \u00een accesorii pentru gr\u0103tar: unealta pentru ridicarea grilei din o\u021bel inoxidabil. Fabricat din materiale de \u00eenalt\u0103 calitate, acest instrument combin\u0103 rezisten\u021ba o\u021belului inoxidabil cu confortul m\u00e2nerului ergonomic din plastic. Asigur\u0103-te c\u0103 fiecare sesiune de gr\u0103tar este lipsit\u0103 de griji \u0219i pl\u0103cut\u0103, datorit\u0103 rezisten\u021bei sale excelente la temperaturi ridicate \u0219i durabilit\u0103\u021bii pe termen lung.<\/p>\n<p>U\u0219or de utilizat, ideal pentru gr\u0103tare: Avantajul principal al acestei unelte pentru ridicarea grilei este rezisten\u021ba sa la c\u0103ldur\u0103, ceea ce o face perfect\u0103 pentru manipularea gr\u0103tarelor fierbin\u021bi f\u0103r\u0103 riscul de arsuri. M\u00e2nerul ergonomic din plastic ofer\u0103 o prindere confortabil\u0103 \u0219i sigur\u0103, indiferent de condi\u021biile de g\u0103tit. Adaug\u0103 acest instrument esen\u021bial \u00een arsenalul t\u0103u de gr\u0103tar pentru a te bucura de o experien\u021b\u0103 culinar\u0103 superioar\u0103 \u00een fiecare zi.<\/p>\n<p>Unealta pentru ridicarea grilei este potrivit\u0103 pentru utilizarea \u00een gr\u0103din\u0103, la gr\u0103tar, \u00een buc\u0103t\u0103rie sau la evenimente \u00een aer liber. Este ideal\u0103 pentru to\u021bi iubitorii de gr\u0103tar, de la buc\u0103tari amatori p\u00e2n\u0103 la exper\u021bi \u00een prepararea alimentelor \u00een aer liber. Simplu de folosit \u0219i extrem de eficient\u0103, aceast\u0103 unealt\u0103 \u00ee\u021bi va facilita munca \u0219i \u00ee\u021bi va oferi rezultate perfecte \u00een fiecare sesiune de g\u0103tit.<\/p>\n<p>Investe\u0219te acum \u00een<span class=\"Apple-converted-space\">\u00a0 <\/span>unealta pentru ridicarea grilei din o\u021bel inoxidabil \u0219i transform\u0103-\u021bi experien\u021ba de gr\u0103tar \u00eentr-una de neuitat. Cu materialele sale de \u00eenalt\u0103 calitate, designul ergonomic \u0219i avantajele sale inovatoare, acest instrument va deveni rapid indispensabil\u0103. Alege calitatea \u0219i performan\u021ba pentru a-\u021bi \u00eembun\u0103t\u0103\u021bi fiecare experien\u021b\u0103 culinar\u0103 \u0219i pentru a crea amintiri pl\u0103cute al\u0103turi de cei dragi!<\/p>","protected":false},"excerpt":{"rendered":"<p>1. Material: O\u021bel inoxidabil + M\u00e2ner din plastic<\/p>\n<p>2. Dimensiunea obiectului: 27.5 * 3.5 cm<\/p>\n<p>3. Ambalajul obiectului: Pung\u0103 OPP (polipropilen\u0103)<\/p>\n<p>4. Greutate: 148g<\/p>\n<p>5. Avantaj: Rezisten\u021b\u0103 la c\u0103ldur\u0103<\/p>","protected":false},"featured_media":14106,"template":"","meta":[],"product_brand":[279],"product_cat":[111,133,137],"product_tag":[],"class_list":{"0":"post-14105","1":"product","2":"type-product","3":"status-publish","4":"has-post-thumbnail","6":"product_brand-angeloff","7":"product_cat-accesorii","8":"product_cat-accesorii-gratar","9":"product_cat-ustensile-gratar-accesorii","11":"first","12":"instock","13":"taxable","14":"shipping-taxable","15":"purchasable","16":"product-type-simple"},"_links":{"self":[{"href":"https:\/\/angeloff.ro\/en\/wp-json\/wp\/v2\/product\/14105","targetHints":{"allow":["GET"]}}],"collection":[{"href":"https:\/\/angeloff.ro\/en\/wp-json\/wp\/v2\/product"}],"about":[{"href":"https:\/\/angeloff.ro\/en\/wp-json\/wp\/v2\/types\/product"}],"version-history":[{"count":1,"href":"https:\/\/angeloff.ro\/en\/wp-json\/wp\/v2\/product\/14105\/revisions"}],"predecessor-version":[{"id":31519,"href":"https:\/\/angeloff.ro\/en\/wp-json\/wp\/v2\/product\/14105\/revisions\/31519"}],"wp:featuredmedia":[{"embeddable":true,"href":"https:\/\/angeloff.ro\/en\/wp-json\/wp\/v2\/media\/14106"}],"wp:attachment":[{"href":"https:\/\/angeloff.ro\/en\/wp-json\/wp\/v2\/media?parent=14105"}],"wp:term":[{"taxonomy":"product_brand","embeddable":true,"href":"https:\/\/angeloff.ro\/en\/wp-json\/wp\/v2\/product_brand?post=14105"},{"taxonomy":"product_cat","embeddable":true,"href":"https:\/\/angeloff.ro\/en\/wp-json\/wp\/v2\/product_cat?post=14105"},{"taxonomy":"product_tag","embeddable":true,"href":"https:\/\/angeloff.ro\/en\/wp-json\/wp\/v2\/product_tag?post=14105"}],"curies":[{"name":"wp","href":"https:\/\/api.w.org\/{rel}","templated":true}]}}