{"id":13826,"date":"2024-07-06T10:19:53","date_gmt":"2024-07-06T10:19:53","guid":{"rendered":"https:\/\/angeloff.ro\/?post_type=product&#038;p=13826"},"modified":"2026-05-05T07:48:43","modified_gmt":"2026-05-05T07:48:43","slug":"condiment-pentru-bbq-fairy-rub-jds","status":"publish","type":"product","link":"https:\/\/angeloff.ro\/en\/product\/condiment-pentru-bbq-fairy-rub-jds\/","title":{"rendered":"Condiment pentru BBQ, Fairy Rub, 300 gr, JD&#8217;s"},"content":{"rendered":"<h2>Condiment pentru BBQ, Fairy Rub, 300 gr, JD&#8217;s<\/h2>\n<p>Condiment pentru BBQ, Fairy Rub, 300 gr, JD&#8217;s aduce o not\u0103 aromat\u0103, ideal\u0103 pentru preparate la gr\u0103tar.<\/p>\n<h3>Caracteristici<\/h3>\n<ul>\n<li>Arome echilibrate<\/li>\n<li>Ambalaj 300g<\/li>\n<li>U\u0219or de dozat<\/li>\n<\/ul>\n<h3>Recomandat<\/h3>\n<ul>\n<li>Legume, carne alb\u0103, burgeri<\/li>\n<\/ul>\n<h3>Comand\u0103 online<\/h3>\n<p>Adaug\u0103 \u00een co\u0219 acum.<\/p>","protected":false},"excerpt":{"rendered":"<p><strong>Condiment pentru BBQ, Fairy Rub, 300 gr, JD&#8217;s<\/strong>: Condiment pentru BBQ Fairy Rub 300 gr JD&#8217;s aduce un plus de arom\u0103 preparatelor la gr\u0103tar. Alege calitatea pentru BBQ reu\u0219it.<\/p>","protected":false},"featured_media":13827,"template":"","meta":[],"product_brand":[286],"product_cat":[111,140],"product_tag":[],"class_list":{"0":"post-13826","1":"product","2":"type-product","3":"status-publish","4":"has-post-thumbnail","6":"product_brand-jds","7":"product_cat-accesorii","8":"product_cat-sosuri-condimente","10":"first","11":"outofstock","12":"taxable","13":"shipping-taxable","14":"purchasable","15":"product-type-simple"},"_links":{"self":[{"href":"https:\/\/angeloff.ro\/en\/wp-json\/wp\/v2\/product\/13826","targetHints":{"allow":["GET"]}}],"collection":[{"href":"https:\/\/angeloff.ro\/en\/wp-json\/wp\/v2\/product"}],"about":[{"href":"https:\/\/angeloff.ro\/en\/wp-json\/wp\/v2\/types\/product"}],"version-history":[{"count":1,"href":"https:\/\/angeloff.ro\/en\/wp-json\/wp\/v2\/product\/13826\/revisions"}],"predecessor-version":[{"id":31507,"href":"https:\/\/angeloff.ro\/en\/wp-json\/wp\/v2\/product\/13826\/revisions\/31507"}],"wp:featuredmedia":[{"embeddable":true,"href":"https:\/\/angeloff.ro\/en\/wp-json\/wp\/v2\/media\/13827"}],"wp:attachment":[{"href":"https:\/\/angeloff.ro\/en\/wp-json\/wp\/v2\/media?parent=13826"}],"wp:term":[{"taxonomy":"product_brand","embeddable":true,"href":"https:\/\/angeloff.ro\/en\/wp-json\/wp\/v2\/product_brand?post=13826"},{"taxonomy":"product_cat","embeddable":true,"href":"https:\/\/angeloff.ro\/en\/wp-json\/wp\/v2\/product_cat?post=13826"},{"taxonomy":"product_tag","embeddable":true,"href":"https:\/\/angeloff.ro\/en\/wp-json\/wp\/v2\/product_tag?post=13826"}],"curies":[{"name":"wp","href":"https:\/\/api.w.org\/{rel}","templated":true}]}}