{"id":13764,"date":"2024-07-03T06:00:28","date_gmt":"2024-07-03T06:00:28","guid":{"rendered":"https:\/\/angeloff.ro\/?post_type=product&#038;p=13764"},"modified":"2026-04-22T23:32:44","modified_gmt":"2026-04-22T23:32:44","slug":"plita-din-fonta-reversibila-semiluna-pentru-kamado-xl-xxl-big-green-egg","status":"publish","type":"product","link":"https:\/\/angeloff.ro\/en\/product\/plita-din-fonta-reversibila-semiluna-pentru-kamado-xl-xxl-big-green-egg\/","title":{"rendered":"Plita din fonta reversibila, semiluna, pentru Kamado XL, XXL, Big Green Egg"},"content":{"rendered":"<div class=\"specification-section\" data-v-2c933be2=\"\">\n<div class=\"description\" data-v-2c933be2=\"\">\n<div class=\"specification-title\" data-v-2c933be2=\"\">Specifica\u021bii<\/div>\n<div data-v-3d4e4599=\"\" data-v-2c933be2=\"\">\n<div class=\"item-description\" data-v-3d4e4599=\"\"><label data-v-3d4e4599=\"\">Material: <\/label>Fonta<\/div>\n<\/div>\n<div data-v-3d4e4599=\"\" data-v-2c933be2=\"\">\n<div class=\"item-description\" data-v-3d4e4599=\"\"><label data-v-3d4e4599=\"\">Greutate: <\/label><span data-v-3d4e4599=\"\">3<\/span> <span data-v-3d4e4599=\"\">Kg<\/span><\/div>\n<\/div>\n<div data-v-3d4e4599=\"\" data-v-2c933be2=\"\">\n<div class=\"item-description\" data-v-3d4e4599=\"\"><label data-v-3d4e4599=\"\">Tip produs: <\/label>Ustensile gatit<\/div>\n<\/div>\n<div data-v-3d4e4599=\"\" data-v-2c933be2=\"\">\n<div class=\"item-description\" data-v-3d4e4599=\"\"><label data-v-3d4e4599=\"\">Garantie: <\/label><span data-v-3d4e4599=\"\">2<\/span> <span data-v-3d4e4599=\"\">ani<\/span><\/div>\n<\/div>\n<\/div>\n<\/div>\n<div class=\"\">\n<div class=\"produs-content\">\n<p><strong>Exist\u0103 dou\u0103 p\u0103r\u021bi ale fiec\u0103rei povestiri. Acela\u0219i lucru este valabil \u0219i pentru jumatatea de Gratar Plancha din fonta.<\/strong><\/p>\n<p>Partea de grill este excelent\u0103 pentru prepararea fileurilor de pe\u0219te sau a sandwich-urilor pr\u0103jite, \u00een timp ce partea neted\u0103 este perfect\u0103 pentru ou\u0103 sau cl\u0103tite.<\/p>\n<p>Pentru ca acest gratar reversibil ocupa doar jumatate din suprafata de gatire, iti va ramane si spatiu pentru grill suficient.<\/p>\n<p>O placa din fonta cu rol dublu: puteti gati ingrediente delicate sau mai mici pe partea cu nervuri, in timp ce partea neteda este ideala pentru clatite, creveti sau oua. inca iti mai ramane o jumatate disponibila. Are cineva vreo alta dorinta?<\/p>\n<p>\u2022 Fonta grea<\/p>\n<p>\u2022 Cu doua fete. O latura plana si o latura cu nervuri.<\/p>\n<p>Aceste produse sunt disponibile pentru Big Green Egg XLarge si XXLarge.<\/p>\n<\/div>\n<\/div>","protected":false},"excerpt":{"rendered":"<p>Plita realizata din fonta grea marimea XL, XXL reversibila, cu doua fete, o latura plana si o latura cu nervuri.<\/p>","protected":false},"featured_media":13250,"template":"","meta":[],"product_brand":[204],"product_cat":[111,133],"product_tag":[],"class_list":{"0":"post-13764","1":"product","2":"type-product","3":"status-publish","4":"has-post-thumbnail","6":"product_brand-big-green-egg","7":"product_cat-accesorii","8":"product_cat-accesorii-gratar","10":"first","11":"onbackorder","12":"taxable","13":"shipping-taxable","14":"purchasable","15":"product-type-simple"},"_links":{"self":[{"href":"https:\/\/angeloff.ro\/en\/wp-json\/wp\/v2\/product\/13764","targetHints":{"allow":["GET"]}}],"collection":[{"href":"https:\/\/angeloff.ro\/en\/wp-json\/wp\/v2\/product"}],"about":[{"href":"https:\/\/angeloff.ro\/en\/wp-json\/wp\/v2\/types\/product"}],"version-history":[{"count":1,"href":"https:\/\/angeloff.ro\/en\/wp-json\/wp\/v2\/product\/13764\/revisions"}],"predecessor-version":[{"id":31494,"href":"https:\/\/angeloff.ro\/en\/wp-json\/wp\/v2\/product\/13764\/revisions\/31494"}],"wp:featuredmedia":[{"embeddable":true,"href":"https:\/\/angeloff.ro\/en\/wp-json\/wp\/v2\/media\/13250"}],"wp:attachment":[{"href":"https:\/\/angeloff.ro\/en\/wp-json\/wp\/v2\/media?parent=13764"}],"wp:term":[{"taxonomy":"product_brand","embeddable":true,"href":"https:\/\/angeloff.ro\/en\/wp-json\/wp\/v2\/product_brand?post=13764"},{"taxonomy":"product_cat","embeddable":true,"href":"https:\/\/angeloff.ro\/en\/wp-json\/wp\/v2\/product_cat?post=13764"},{"taxonomy":"product_tag","embeddable":true,"href":"https:\/\/angeloff.ro\/en\/wp-json\/wp\/v2\/product_tag?post=13764"}],"curies":[{"name":"wp","href":"https:\/\/api.w.org\/{rel}","templated":true}]}}