{"id":13692,"date":"2024-07-02T07:40:47","date_gmt":"2024-07-02T07:40:47","guid":{"rendered":"https:\/\/angeloff.ro\/?post_type=product&#038;p=13692"},"modified":"2026-04-22T23:32:42","modified_gmt":"2026-04-22T23:32:42","slug":"gratar-de-fonta-pentru-cenusa-pentru-kamado-s-mn-big-green-egg","status":"publish","type":"product","link":"https:\/\/angeloff.ro\/en\/product\/gratar-de-fonta-pentru-cenusa-pentru-kamado-s-mn-big-green-egg\/","title":{"rendered":"Gratar de fonta pentru cenusa pentru Kamado S, MN, Big Green Egg"},"content":{"rendered":"<div class=\"specification-title\" data-v-2c933be2=\"\">Specifica\u021bii<\/div>\n<div data-v-3d4e4599=\"\" data-v-2c933be2=\"\">\n<div class=\"item-description\" data-v-3d4e4599=\"\"><label data-v-3d4e4599=\"\">Material: <\/label>Fonta<\/div>\n<\/div>\n<div data-v-3d4e4599=\"\" data-v-2c933be2=\"\">\n<div class=\"item-description\" data-v-3d4e4599=\"\">Functii: Potrivit pentru urmatoarele modele de EGG: S, MN<\/div>\n<\/div>\n<div data-v-3d4e4599=\"\" data-v-2c933be2=\"\">\n<div class=\"item-description\" data-v-3d4e4599=\"\"><label data-v-3d4e4599=\"\">Tip produs: <\/label>Piese schimb<\/div>\n<\/div>\n<div data-v-3d4e4599=\"\" data-v-2c933be2=\"\">\n<div class=\"item-description\" data-v-3d4e4599=\"\"><label data-v-3d4e4599=\"\">Garantie: <\/label><span data-v-3d4e4599=\"\">2<\/span> <span data-v-3d4e4599=\"\">ani<\/span><\/div>\n<\/div>\n<div data-v-3d4e4599=\"\" data-v-2c933be2=\"\">\n<div class=\"item-description\" data-v-3d4e4599=\"\"><label data-v-3d4e4599=\"\">Producator: <\/label>BigGreenEgg<\/div>\n<\/div>\n<div data-v-3d4e4599=\"\" data-v-2c933be2=\"\">\n<div class=\"item-description\" data-v-3d4e4599=\"\"><label data-v-3d4e4599=\"\">Cantitate\/Pachet: <\/label>Individual<\/div>\n<\/div>","protected":false},"excerpt":{"rendered":"<p>Gr\u0103tar de font\u0103 pentru cenu\u0219\u0103 pentru Kamado S, MN \u0219i Big Green Egg Small\/Mini. Capteaz\u0103 cenu\u0219a, u\u0219ureaz\u0103 cur\u0103\u021barea dup\u0103 fiecare sesiune BBQ. Font\u0103 rezistent\u0103 la temperaturi extreme.<\/p>","protected":false},"featured_media":13206,"template":"","meta":[],"product_brand":[204],"product_cat":[111],"product_tag":[],"class_list":{"0":"post-13692","1":"product","2":"type-product","3":"status-publish","4":"has-post-thumbnail","6":"product_brand-big-green-egg","7":"product_cat-accesorii","9":"first","10":"onbackorder","11":"taxable","12":"shipping-taxable","13":"purchasable","14":"product-type-simple"},"_links":{"self":[{"href":"https:\/\/angeloff.ro\/en\/wp-json\/wp\/v2\/product\/13692","targetHints":{"allow":["GET"]}}],"collection":[{"href":"https:\/\/angeloff.ro\/en\/wp-json\/wp\/v2\/product"}],"about":[{"href":"https:\/\/angeloff.ro\/en\/wp-json\/wp\/v2\/types\/product"}],"version-history":[{"count":1,"href":"https:\/\/angeloff.ro\/en\/wp-json\/wp\/v2\/product\/13692\/revisions"}],"predecessor-version":[{"id":31476,"href":"https:\/\/angeloff.ro\/en\/wp-json\/wp\/v2\/product\/13692\/revisions\/31476"}],"wp:featuredmedia":[{"embeddable":true,"href":"https:\/\/angeloff.ro\/en\/wp-json\/wp\/v2\/media\/13206"}],"wp:attachment":[{"href":"https:\/\/angeloff.ro\/en\/wp-json\/wp\/v2\/media?parent=13692"}],"wp:term":[{"taxonomy":"product_brand","embeddable":true,"href":"https:\/\/angeloff.ro\/en\/wp-json\/wp\/v2\/product_brand?post=13692"},{"taxonomy":"product_cat","embeddable":true,"href":"https:\/\/angeloff.ro\/en\/wp-json\/wp\/v2\/product_cat?post=13692"},{"taxonomy":"product_tag","embeddable":true,"href":"https:\/\/angeloff.ro\/en\/wp-json\/wp\/v2\/product_tag?post=13692"}],"curies":[{"name":"wp","href":"https:\/\/api.w.org\/{rel}","templated":true}]}}