{"id":13423,"date":"2024-05-09T12:25:46","date_gmt":"2024-05-09T12:25:46","guid":{"rendered":"https:\/\/angeloff.ro\/?post_type=product&#038;p=13423"},"modified":"2026-04-22T23:32:41","modified_gmt":"2026-04-22T23:32:41","slug":"oala-ovala-din-fonta-emailata-cu-capac-mare-big-green-egg","status":"publish","type":"product","link":"https:\/\/angeloff.ro\/en\/product\/oala-ovala-din-fonta-emailata-cu-capac-mare-big-green-egg\/","title":{"rendered":"Oala ovala din fonta emailata cu capac, Mare, Big Green Egg"},"content":{"rendered":"<p style=\"font-weight: 400;\">Specifica\u021bii<\/p>\n<p style=\"font-weight: 400;\">Producator: BigGreenEgg<\/p>\n<p style=\"font-weight: 400;\">Material: Fonta<\/p>\n<p style=\"font-weight: 400;\">Cantitate\/Pachet: Individual<\/p>\n<p style=\"font-weight: 400;\">Combustibil: Carbuni, Curent, Lemn, Gaz<\/p>\n<p style=\"font-weight: 400;\">Dotari: Capacitate 5.2 litri<\/p>\n<p style=\"font-weight: 400;\">Culoare: Verde<\/p>\n<p style=\"font-weight: 400;\">Tip produs: Ustensile gatit<\/p>\n<p style=\"font-weight: 400;\">Cantitate: 1 x Oala cu capac<\/p>\n<p style=\"font-weight: 400;\">Garantie: 2 ani<\/p>\n<p style=\"font-weight: 400;\">Utilizare: Oala olandea verde pentru Big Green Egg este una ccesoriu durabil si robust. Aceasta caserola din fonta emailata [poate fi folosita la diverse stiluri de gatit. Capacul poate fi folosit separat \u0219i ca tigaie pu\u021bin ad\u00e2nc\u0103 sau chiar ca o tav\u0103 pentru pr\u0103jituri \u0219i deserturi. Green Dutch Oven este disponibil at\u00e2t \u00een varianta rotunda, cat \u0219i \u00een cea ovala. Ce se gate\u0219te in Green Dutch Oven? Aceast\u0103 caserol\u0103 multifunc\u021bional\u0103 este foarte util\u0103 atunci c\u00e2nd se prepar\u0103 coq-au-vin, sup\u0103, chili sau (pentru pasiona\u021bii de deserturi) un crumble sau un cobbler. O pute\u021bi folosi \u0219i \u00een cuptorul obi\u0219nuit, iar aspectul s\u0103u se va \u00eembun\u0103t\u0103\u021bi pe m\u0103sur\u0103 ce trec anii. Finisajul minunat v\u0103 va face m\u00e2ndru s\u0103 \u00eel a\u0219eza\u021bi pe mas\u0103. Cuptorul olandez verde oval are o capacitate de 5,2 litri (35 cm). Oala verde rotund\u0103 are o capacitate de 4 litri (23 cm).<\/p>","protected":false},"excerpt":{"rendered":"<p style=\"font-weight: 400;\">Gama de accesorii profesionale pentru gatit, precum acasta oala ovala din fonta cu capac si capacitate mare.<\/p>","protected":false},"featured_media":13424,"template":"","meta":[],"product_brand":[204],"product_cat":[111,139],"product_tag":[],"class_list":{"0":"post-13423","1":"product","2":"type-product","3":"status-publish","4":"has-post-thumbnail","6":"product_brand-big-green-egg","7":"product_cat-accesorii","8":"product_cat-oale-tavi-tigai","10":"first","11":"onbackorder","12":"taxable","13":"shipping-taxable","14":"purchasable","15":"product-type-simple"},"_links":{"self":[{"href":"https:\/\/angeloff.ro\/en\/wp-json\/wp\/v2\/product\/13423","targetHints":{"allow":["GET"]}}],"collection":[{"href":"https:\/\/angeloff.ro\/en\/wp-json\/wp\/v2\/product"}],"about":[{"href":"https:\/\/angeloff.ro\/en\/wp-json\/wp\/v2\/types\/product"}],"version-history":[{"count":1,"href":"https:\/\/angeloff.ro\/en\/wp-json\/wp\/v2\/product\/13423\/revisions"}],"predecessor-version":[{"id":31471,"href":"https:\/\/angeloff.ro\/en\/wp-json\/wp\/v2\/product\/13423\/revisions\/31471"}],"wp:featuredmedia":[{"embeddable":true,"href":"https:\/\/angeloff.ro\/en\/wp-json\/wp\/v2\/media\/13424"}],"wp:attachment":[{"href":"https:\/\/angeloff.ro\/en\/wp-json\/wp\/v2\/media?parent=13423"}],"wp:term":[{"taxonomy":"product_brand","embeddable":true,"href":"https:\/\/angeloff.ro\/en\/wp-json\/wp\/v2\/product_brand?post=13423"},{"taxonomy":"product_cat","embeddable":true,"href":"https:\/\/angeloff.ro\/en\/wp-json\/wp\/v2\/product_cat?post=13423"},{"taxonomy":"product_tag","embeddable":true,"href":"https:\/\/angeloff.ro\/en\/wp-json\/wp\/v2\/product_tag?post=13423"}],"curies":[{"name":"wp","href":"https:\/\/api.w.org\/{rel}","templated":true}]}}