{"id":13397,"date":"2024-05-07T13:53:48","date_gmt":"2024-05-07T13:53:48","guid":{"rendered":"https:\/\/angeloff.ro\/?post_type=product&#038;p=13397"},"modified":"2026-04-22T23:32:40","modified_gmt":"2026-04-22T23:32:40","slug":"tava-de-cuptor-3in1-din-fonta-36-x-36-cm-3in1-baking-dish-milestone66","status":"publish","type":"product","link":"https:\/\/angeloff.ro\/en\/product\/tava-de-cuptor-3in1-din-fonta-36-x-36-cm-3in1-baking-dish-milestone66\/","title":{"rendered":"Tav\u0103 de cuptor 3in1 din font\u0103, 36 x 36 cm, 3in1 Baking Dish, Milestone66"},"content":{"rendered":"<p>V\u0103 prezent\u0103m Tava de Cuptor din Font\u0103 Milestone66 de dimensiuni 36x36cm!<\/p>\n<p>Con\u021binutul pachetului include: o tav\u0103 de cuptor format\u0103 din dou\u0103 p\u0103r\u021bi. O parte este mai \u00eenalt\u0103, cu un capac corespunz\u0103tor, care are striuri \u00een interior pentru a func\u021biona \u0219i ca o plac\u0103 de gr\u0103tar.<\/p>\n<p>Aceast\u0103 tav\u0103 de cuptor este alegerea perfect\u0103 pentru cei care iubesc s\u0103 g\u0103teasc\u0103 \u0219i apreciaz\u0103 metodele tradi\u021bionale.<\/p>\n<p>Fonta este un material durabil, astfel c\u0103 va fi un companion de \u00eencredere \u00een buc\u0103t\u0103rie pentru mul\u021bi ani.<\/p>\n<p>Produsul este pretratat, dar se recomand\u0103 arderea ini\u021bial\u0103.<\/p>\n<p>Deoarece tava de cuptor nu este emailat\u0103, este important\u0103 preg\u0103tirea \u0219i \u00eentre\u021binerea adecvat\u0103 \u00eenainte de g\u0103tit, cum ar fi unsul \u0219i cur\u0103\u021barea.<\/p>\n<p>Greutatea t\u0103vii este de aproximativ 9 kg, oferind o construc\u021bie solid\u0103 \u0219i robust\u0103.<\/p>","protected":false},"excerpt":{"rendered":"<p>Milestone66 Tav\u0103 de Cuptor din Font\u0103 36x36cm<\/p>\n<p>Dimensiuni: 36&#215;36 cm<\/p>\n<p>Greutate: 9 kg<\/p>\n<p>Disponibilitate: \u00cen stoc<\/p>\n<p>SKU: M66-S36<\/p>\n<p>Categorii: Accesorii pentru gr\u0103tar inteligent, Produse din font\u0103, T\u0103vi, Pl\u0103ci pentru cuptor<\/p>\n<p>Etichete: font\u0103, tigaie, gr\u0103tar, set de gr\u0103tar, tav\u0103 pentru cuptor, accesoriu, condimente pentru gr\u0103tar Milestone66, gr\u0103tar inteligent, font\u0103, tav\u0103 Pataki, tav\u0103 roman\u0103, form\u0103 pentru copt<\/p>","protected":false},"featured_media":13398,"template":"","meta":[],"product_brand":[285],"product_cat":[111,139],"product_tag":[],"class_list":{"0":"post-13397","1":"product","2":"type-product","3":"status-publish","4":"has-post-thumbnail","6":"product_brand-milestone66","7":"product_cat-accesorii","8":"product_cat-oale-tavi-tigai","10":"first","11":"outofstock","12":"taxable","13":"shipping-taxable","14":"purchasable","15":"product-type-simple"},"_links":{"self":[{"href":"https:\/\/angeloff.ro\/en\/wp-json\/wp\/v2\/product\/13397","targetHints":{"allow":["GET"]}}],"collection":[{"href":"https:\/\/angeloff.ro\/en\/wp-json\/wp\/v2\/product"}],"about":[{"href":"https:\/\/angeloff.ro\/en\/wp-json\/wp\/v2\/types\/product"}],"version-history":[{"count":1,"href":"https:\/\/angeloff.ro\/en\/wp-json\/wp\/v2\/product\/13397\/revisions"}],"predecessor-version":[{"id":31467,"href":"https:\/\/angeloff.ro\/en\/wp-json\/wp\/v2\/product\/13397\/revisions\/31467"}],"wp:featuredmedia":[{"embeddable":true,"href":"https:\/\/angeloff.ro\/en\/wp-json\/wp\/v2\/media\/13398"}],"wp:attachment":[{"href":"https:\/\/angeloff.ro\/en\/wp-json\/wp\/v2\/media?parent=13397"}],"wp:term":[{"taxonomy":"product_brand","embeddable":true,"href":"https:\/\/angeloff.ro\/en\/wp-json\/wp\/v2\/product_brand?post=13397"},{"taxonomy":"product_cat","embeddable":true,"href":"https:\/\/angeloff.ro\/en\/wp-json\/wp\/v2\/product_cat?post=13397"},{"taxonomy":"product_tag","embeddable":true,"href":"https:\/\/angeloff.ro\/en\/wp-json\/wp\/v2\/product_tag?post=13397"}],"curies":[{"name":"wp","href":"https:\/\/api.w.org\/{rel}","templated":true}]}}