{"id":13380,"date":"2024-05-07T07:47:23","date_gmt":"2024-05-07T07:47:23","guid":{"rendered":"https:\/\/angeloff.ro\/?post_type=product&#038;p=13380"},"modified":"2026-04-22T23:32:40","modified_gmt":"2026-04-22T23:32:40","slug":"placa-din-fonta-cu-doua-fete-si-maner-reversible-grill-griddle-with-handles-50x235-cm-milestone66","status":"publish","type":"product","link":"https:\/\/angeloff.ro\/en\/product\/placa-din-fonta-cu-doua-fete-si-maner-reversible-grill-griddle-with-handles-50x235-cm-milestone66\/","title":{"rendered":"Plac\u0103 din font\u0103 cu dou\u0103 fe\u021be \u0219i m\u00e2ner, Reversible Grill Griddle with handles, 50\u00d723,5 cm, Milestone66"},"content":{"rendered":"<p>V\u0103 prezent\u0103m placa din font\u0103 Milestone66 de dimensiuni 50\u00d723,5 cm!<\/p>\n<p>Con\u021binutul pachetului include: o plac\u0103 rectangular\u0103 din font\u0103, cu o parte striat\u0103 \u0219i cealalt\u0103 neted\u0103, av\u00e2nd m\u00e2nere pe ambele laturi.<\/p>\n<p>Aceast\u0103 plac\u0103 este alegerea perfect\u0103 pentru cei care iubesc s\u0103 g\u0103teasc\u0103 \u0219i apreciaz\u0103 metodele tradi\u021bionale.<\/p>\n<p>Fonta este un material durabil, astfel c\u0103 va fi un companion de \u00eencredere \u00een buc\u0103t\u0103rie pentru mul\u021bi ani.<\/p>\n<p>Produsul este pretratat, dar se recomand\u0103 arderea ini\u021bial\u0103.<\/p>\n<p>Deoarece placa din font\u0103 nu este emailat\u0103, este important\u0103 preg\u0103tirea \u0219i \u00eentre\u021binerea adecvat\u0103 \u00eenainte de g\u0103tit, cum ar fi unsul \u0219i cur\u0103\u021barea.<\/p>\n<p>Greutatea pl\u0103cii este de aproximativ 3,6 kg, oferind o construc\u021bie solid\u0103 \u0219i robust\u0103.<\/p>","protected":false},"excerpt":{"rendered":"<p>Milestone66 Plac\u0103 din Font\u0103 cu Dou\u0103 Fe\u021be 50\u00d723,5 cm<\/p>\n<p>Dimensiuni: 50 cm x 23,5 cm<\/p>\n<p>Greutate: 3,6 kg<\/p>\n<p>Alte caracteristici: pretratat<\/p>\n<p>Disponibilitate: \u00cen stoc<\/p>\n<p>SKU: M66-VL50<\/p>\n<p>Categorii: Accesorii pentru gr\u0103tar inteligent, Produse din font\u0103, T\u0103vi, Pl\u0103ci pentru cuptor<\/p>\n<p>Etichete: font\u0103, gr\u0103tar, set de gr\u0103tar, gr\u0103tar electric, accesoriu, condimente pentru gr\u0103tar Milestone66, gr\u0103tar inteligent, font\u0103<\/p>","protected":false},"featured_media":13381,"template":"","meta":[],"product_brand":[285],"product_cat":[111,139],"product_tag":[],"class_list":{"0":"post-13380","1":"product","2":"type-product","3":"status-publish","4":"has-post-thumbnail","6":"product_brand-milestone66","7":"product_cat-accesorii","8":"product_cat-oale-tavi-tigai","10":"first","11":"outofstock","12":"taxable","13":"shipping-taxable","14":"purchasable","15":"product-type-simple"},"_links":{"self":[{"href":"https:\/\/angeloff.ro\/en\/wp-json\/wp\/v2\/product\/13380","targetHints":{"allow":["GET"]}}],"collection":[{"href":"https:\/\/angeloff.ro\/en\/wp-json\/wp\/v2\/product"}],"about":[{"href":"https:\/\/angeloff.ro\/en\/wp-json\/wp\/v2\/types\/product"}],"version-history":[{"count":1,"href":"https:\/\/angeloff.ro\/en\/wp-json\/wp\/v2\/product\/13380\/revisions"}],"predecessor-version":[{"id":31465,"href":"https:\/\/angeloff.ro\/en\/wp-json\/wp\/v2\/product\/13380\/revisions\/31465"}],"wp:featuredmedia":[{"embeddable":true,"href":"https:\/\/angeloff.ro\/en\/wp-json\/wp\/v2\/media\/13381"}],"wp:attachment":[{"href":"https:\/\/angeloff.ro\/en\/wp-json\/wp\/v2\/media?parent=13380"}],"wp:term":[{"taxonomy":"product_brand","embeddable":true,"href":"https:\/\/angeloff.ro\/en\/wp-json\/wp\/v2\/product_brand?post=13380"},{"taxonomy":"product_cat","embeddable":true,"href":"https:\/\/angeloff.ro\/en\/wp-json\/wp\/v2\/product_cat?post=13380"},{"taxonomy":"product_tag","embeddable":true,"href":"https:\/\/angeloff.ro\/en\/wp-json\/wp\/v2\/product_tag?post=13380"}],"curies":[{"name":"wp","href":"https:\/\/api.w.org\/{rel}","templated":true}]}}