{"id":13344,"date":"2024-05-07T07:06:13","date_gmt":"2024-05-07T07:06:13","guid":{"rendered":"https:\/\/angeloff.ro\/?post_type=product&#038;p=13344"},"modified":"2026-04-22T23:32:40","modified_gmt":"2026-04-22T23:32:40","slug":"cratita-din-fonta-dutch-oven-45-litri-milestone66","status":"publish","type":"product","link":"https:\/\/angeloff.ro\/en\/product\/cratita-din-fonta-dutch-oven-45-litri-milestone66\/","title":{"rendered":"Crati\u021b\u0103 din font\u0103, Dutch Oven, 4,5 litri, Milestone66"},"content":{"rendered":"<p>V\u0103 prezent\u0103m crati\u021ba din font\u0103 Milestone66 cu o capacitate de 4,5 litri!<\/p>\n<p>Acest vas este alegerea perfect\u0103 pentru cei care iubesc s\u0103 g\u0103teasc\u0103 \u0219i apreciaz\u0103 metodele tradi\u021bionale.<\/p>\n<p>Crati\u021ba din font\u0103 este durabil\u0103, astfel c\u0103 va fi un companion de \u00eencredere \u00een buc\u0103t\u0103rie pentru mul\u021bi ani, ajut\u00e2ndu-v\u0103 s\u0103 preg\u0103ti\u021bi supe, tocane sau fripturi.<\/p>\n<p>Produsul este pretratat, dar se recomand\u0103 arderea ini\u021bial\u0103.<\/p>\n<p>Deoarece vasul din font\u0103 nu este emailat, este important\u0103 preg\u0103tirea \u0219i \u00eentre\u021binerea adecvat\u0103 \u00eenainte de g\u0103tit, cum ar fi unsul \u0219i cur\u0103\u021barea.<\/p>\n<p>Crati\u021ba are o greutate de aproximativ 5 kg, oferind o construc\u021bie solid\u0103 \u0219i robust\u0103.<\/p>\n<p>Capacul crati\u021bei este, de asemenea, din font\u0103 solid\u0103, iar pentru a-l ridica, includem un ridic\u0103tor de capac \u00een pachet, asigur\u00e2nd astfel g\u0103titul \u00een condi\u021bii de siguran\u021b\u0103.<\/p>","protected":false},"excerpt":{"rendered":"<p>Milestone66 Dutch Oven din font\u0103, crati\u021b\u0103 4,5 L &#8211; cu capac \u0219i ridic\u0103tor<\/p>\n<p>Dimensiuni: diametru de 25 cm, \u00een\u0103l\u021bime de 10 cm<\/p>\n<p>Greutate: 5 kg<\/p>\n<p>Capacitate: 4,5 litri<\/p>\n<p>Alte caracteristici: pretratat, cu ridic\u0103tor pentru capac cadou<\/p>\n<p>Ce este un Dutch Oven?<\/p>\n<p>Este un vas tradi\u021bional din font\u0103, de obicei de form\u0103 rotund\u0103 \u0219i cu capac. Este unul dintre cele mai vechi \u0219i utile vase de g\u0103tit, folosit pe scar\u0103 larg\u0103 \u00een \u00eentreaga lume pentru g\u0103titul \u00een aer liber, camping \u0219i excursii.<\/p>\n<p>Dutch Oven-ul din font\u0103 este ideal pentru g\u0103titul \u00eendelungat \u0219i lent, coacerea \u0219i pr\u0103jirea, deoarece materialul re\u021bine perfect c\u0103ldura \u0219i o distribuie uniform \u00een vas.<\/p>\n<p>Capacul permite monitorizarea \u0219i \u00eentoarcerea alimentelor de pe partea de sus a vasului f\u0103r\u0103 a pierde c\u0103ldura.<\/p>\n<p>Utilizarea unui Dutch Oven este o adev\u0103rat\u0103 aventur\u0103 pentru cei care iubesc metodele tradi\u021bionale de g\u0103tit.<\/p>\n<p>Disponibilitate: \u00cen stoc<\/p>\n<p>SKU: M66-DO45<\/p>\n<p>Categorii: Accesorii pentru gr\u0103tar inteligent, Produse din font\u0103, T\u0103vi, Pl\u0103ci pentru cuptor Etichete: ceaun, font\u0103, Dutch Oven, crati\u021b\u0103, gr\u0103tar, set de gr\u0103tar, gr\u0103tar electric, accesoriu, condimente pentru gr\u0103tar Milestone66, gr\u0103tar inteligent, font\u0103<\/p>","protected":false},"featured_media":13345,"template":"","meta":[],"product_brand":[285],"product_cat":[111,139],"product_tag":[],"class_list":{"0":"post-13344","1":"product","2":"type-product","3":"status-publish","4":"has-post-thumbnail","6":"product_brand-milestone66","7":"product_cat-accesorii","8":"product_cat-oale-tavi-tigai","10":"first","11":"outofstock","12":"taxable","13":"shipping-taxable","14":"purchasable","15":"product-type-simple"},"_links":{"self":[{"href":"https:\/\/angeloff.ro\/en\/wp-json\/wp\/v2\/product\/13344","targetHints":{"allow":["GET"]}}],"collection":[{"href":"https:\/\/angeloff.ro\/en\/wp-json\/wp\/v2\/product"}],"about":[{"href":"https:\/\/angeloff.ro\/en\/wp-json\/wp\/v2\/types\/product"}],"version-history":[{"count":1,"href":"https:\/\/angeloff.ro\/en\/wp-json\/wp\/v2\/product\/13344\/revisions"}],"predecessor-version":[{"id":30054,"href":"https:\/\/angeloff.ro\/en\/wp-json\/wp\/v2\/product\/13344\/revisions\/30054"}],"wp:featuredmedia":[{"embeddable":true,"href":"https:\/\/angeloff.ro\/en\/wp-json\/wp\/v2\/media\/13345"}],"wp:attachment":[{"href":"https:\/\/angeloff.ro\/en\/wp-json\/wp\/v2\/media?parent=13344"}],"wp:term":[{"taxonomy":"product_brand","embeddable":true,"href":"https:\/\/angeloff.ro\/en\/wp-json\/wp\/v2\/product_brand?post=13344"},{"taxonomy":"product_cat","embeddable":true,"href":"https:\/\/angeloff.ro\/en\/wp-json\/wp\/v2\/product_cat?post=13344"},{"taxonomy":"product_tag","embeddable":true,"href":"https:\/\/angeloff.ro\/en\/wp-json\/wp\/v2\/product_tag?post=13344"}],"curies":[{"name":"wp","href":"https:\/\/api.w.org\/{rel}","templated":true}]}}