{"id":13249,"date":"2024-04-18T08:00:18","date_gmt":"2024-04-18T08:00:18","guid":{"rendered":"https:\/\/angeloff.ro\/?post_type=product&#038;p=13249"},"modified":"2026-04-22T23:32:38","modified_gmt":"2026-04-22T23:32:38","slug":"plita-din-fonta-reversibila-semiluna-big-green-egg","status":"publish","type":"product","link":"https:\/\/angeloff.ro\/en\/product\/plita-din-fonta-reversibila-semiluna-big-green-egg\/","title":{"rendered":"Plita din fonta reversibila, semiluna, Big Green Egg"},"content":{"rendered":"<p style=\"font-weight: 400;\">Specifica\u021bii<\/p>\n<p style=\"font-weight: 400;\">Producator: BigGreenEgg<\/p>\n<p style=\"font-weight: 400;\">Material: Fonta<\/p>\n<p style=\"font-weight: 400;\">Cantitate\/Pachet: Individual<\/p>\n<p style=\"font-weight: 400;\">Greutate: 2 Kg<\/p>\n<p style=\"font-weight: 400;\">Tip produs: Ustensile gatit<\/p>\n<p style=\"font-weight: 400;\">Garantie: 2 ani<\/p>\n<p style=\"font-weight: 400;\">Exist\u0103 dou\u0103 p\u0103r\u021bi ale fiec\u0103rei povestiri. Acela\u0219i lucru este valabil \u0219i pentru jumatatea de Gratar Plancha din fonta.<\/p>\n<p style=\"font-weight: 400;\">\n<p style=\"font-weight: 400;\">Partea de grill este excelent\u0103 pentru prepararea fileurilor de pe\u0219te sau a sandwich-urilor pr\u0103jite, \u00een timp ce partea neted\u0103 este perfect\u0103 pentru ou\u0103 sau cl\u0103tite.<\/p>\n<p style=\"font-weight: 400;\">\n<p style=\"font-weight: 400;\">Pentru ca acest gratar reversibil ocupa doar jumatate din suprafata de gatire, iti va ramane si spatiu pentru grill suficient.<\/p>\n<p style=\"font-weight: 400;\">\n<p style=\"font-weight: 400;\">O placa din fonta cu rol dublu: puteti gati ingrediente delicate sau mai mici pe partea cu nervuri, in timp ce partea neteda este ideala pentru clatite, creveti sau oua. inca iti mai ramane o jumatate disponibila. Are cineva vreo alta dorinta?<\/p>\n<p style=\"font-weight: 400;\">\n<ul>\n<li style=\"font-weight: 400;\">Fonta grea<\/li>\n<\/ul>\n<p style=\"font-weight: 400;\">\n<ul>\n<li style=\"font-weight: 400;\">Cu doua fete. O latura plana si o latura cu nervuri.<\/li>\n<\/ul>\n<p style=\"font-weight: 400;\">\n<p style=\"font-weight: 400;\">Aceste produse sunt disponibile pentru Big Green Egg Large.<\/p>","protected":false},"excerpt":{"rendered":"<p style=\"font-weight: 400;\">Plita realizata din fonta de calitate, reversibila cu doua fete: una plana si una cu nervuri.<\/p>","protected":false},"featured_media":13250,"template":"","meta":[],"product_brand":[204],"product_cat":[111,133],"product_tag":[],"class_list":{"0":"post-13249","1":"product","2":"type-product","3":"status-publish","4":"has-post-thumbnail","6":"product_brand-big-green-egg","7":"product_cat-accesorii","8":"product_cat-accesorii-gratar","10":"first","11":"instock","12":"taxable","13":"shipping-taxable","14":"purchasable","15":"product-type-simple"},"_links":{"self":[{"href":"https:\/\/angeloff.ro\/en\/wp-json\/wp\/v2\/product\/13249","targetHints":{"allow":["GET"]}}],"collection":[{"href":"https:\/\/angeloff.ro\/en\/wp-json\/wp\/v2\/product"}],"about":[{"href":"https:\/\/angeloff.ro\/en\/wp-json\/wp\/v2\/types\/product"}],"version-history":[{"count":1,"href":"https:\/\/angeloff.ro\/en\/wp-json\/wp\/v2\/product\/13249\/revisions"}],"predecessor-version":[{"id":31447,"href":"https:\/\/angeloff.ro\/en\/wp-json\/wp\/v2\/product\/13249\/revisions\/31447"}],"wp:featuredmedia":[{"embeddable":true,"href":"https:\/\/angeloff.ro\/en\/wp-json\/wp\/v2\/media\/13250"}],"wp:attachment":[{"href":"https:\/\/angeloff.ro\/en\/wp-json\/wp\/v2\/media?parent=13249"}],"wp:term":[{"taxonomy":"product_brand","embeddable":true,"href":"https:\/\/angeloff.ro\/en\/wp-json\/wp\/v2\/product_brand?post=13249"},{"taxonomy":"product_cat","embeddable":true,"href":"https:\/\/angeloff.ro\/en\/wp-json\/wp\/v2\/product_cat?post=13249"},{"taxonomy":"product_tag","embeddable":true,"href":"https:\/\/angeloff.ro\/en\/wp-json\/wp\/v2\/product_tag?post=13249"}],"curies":[{"name":"wp","href":"https:\/\/api.w.org\/{rel}","templated":true}]}}