{"id":12582,"date":"2024-03-13T11:49:44","date_gmt":"2024-03-13T11:49:44","guid":{"rendered":"https:\/\/angeloff.ro\/?post_type=product&#038;p=12582"},"modified":"2026-04-22T23:32:27","modified_gmt":"2026-04-22T23:32:27","slug":"cuptor-pizza-pe-lemne-75cm-igneus-pro-750-rosu","status":"publish","type":"product","link":"https:\/\/angeloff.ro\/en\/product\/cuptor-pizza-pe-lemne-75cm-igneus-pro-750-rosu\/","title":{"rendered":"Cuptor pizza pe lemne, 75cm, Igneus Pro 750-Rosu"},"content":{"rendered":"<p>Cuptorul pentru pizza Pro 750 este cel mai nou model din gama profesional\u0103 Igneus destinat uzului comercial, fiind perfect pentru montarea \u00eentr-o gr\u0103din\u0103 sau buc\u0103t\u0103rie \u00een aer liber. Este proiectat \u00een a\u0219a fel \u00eenc\u00e2t s\u0103 livreze performan\u021ba \u0219i are un strat dublu de izola\u021bie pentru o reten\u021bie mai bun\u0103 a c\u0103ldurii.<\/p>\n<p>Utilizarea materialelor \u00eembun\u0103t\u0103\u021bite asigur\u0103 c\u0103 Pro 750 \u00ee\u0219i va men\u021bine c\u0103ldura mai mult dec\u00e2t Igneus Classico standard \u0219i, prin urmare, folose\u0219te mai pu\u021bin combustibil dec\u00e2t alte cuptoare mai pu\u021bin eficiente. Izola\u021bia dubl\u0103 asigur\u0103, de asemenea, c\u0103 exteriorul cuptorului este sigur pentru utilizator, ceea ce este esen\u021bial \u00een mediile comerciale. Ca \u0219i \u00een cazul celorlalte cuptoare din gama Igneus, Pro 750 poate g\u0103ti pizza \u00een doar 60-80 secunde. Datorit\u0103 suprafe\u021bei mari de g\u0103tit, 75 x 75 cm, poate coace p\u00e2n\u0103 la 4 pizza \u00een acela\u0219i timp! Pute\u021bi folosi acest cuptor de pizza pe lemne pentru a g\u0103ti \u0219i alte preparate \u00eentr-un mod tradi\u021bional \u0219i s\u0103n\u0103tos.<\/p>\n<p>Specifica\u021bii:<\/p>\n<p>Greutate: 90 kg<\/p>\n<p>Dimensiuni: 91,5 \u00d7 86,5 \u00d7 55,0 cm<\/p>\n<p>Culori: Grafit, Ro\u0219u, Negru<\/p>\n<p>\u00cen\u0103l\u021bime: 119 cm (cu cos de fum), 55 cm (fara)<\/p>\n<p>Dimensiunea suprafe\u021bei de g\u0103tit: 75 cm x 75 cm<\/p>\n<p>Capacitate: 4x pizza sau 3 t\u0103vi de pr\u0103jire<\/p>\n<p>Timp de \u00eenc\u0103lzire: 15-20 minute<\/p>\n<p>Combustibil recomandat: mesteac\u0103n argintiu uscat<\/p>\n<p>Garan\u021bie: 2 ani<\/p>","protected":false},"excerpt":{"rendered":"<p>Cuptorul pentru pizza Pro 750 este cel mai nou model din gama profesional\u0103 Igneus destinat uzului comercial, fiind perfect pentru montarea \u00eentr-o gr\u0103din\u0103 sau buc\u0103t\u0103rie \u00een aer liber.<\/p>","protected":false},"featured_media":12583,"template":"","meta":[],"product_brand":[282],"product_cat":[108,110],"product_tag":[],"class_list":{"0":"post-12582","1":"product","2":"type-product","3":"status-publish","4":"has-post-thumbnail","6":"product_brand-igneus","7":"product_cat-cuptoare-pizza","8":"product_cat-cuptoare-pizza-lemne","10":"first","11":"outofstock","12":"taxable","13":"shipping-taxable","14":"purchasable","15":"product-type-simple"},"_links":{"self":[{"href":"https:\/\/angeloff.ro\/en\/wp-json\/wp\/v2\/product\/12582","targetHints":{"allow":["GET"]}}],"collection":[{"href":"https:\/\/angeloff.ro\/en\/wp-json\/wp\/v2\/product"}],"about":[{"href":"https:\/\/angeloff.ro\/en\/wp-json\/wp\/v2\/types\/product"}],"version-history":[{"count":1,"href":"https:\/\/angeloff.ro\/en\/wp-json\/wp\/v2\/product\/12582\/revisions"}],"predecessor-version":[{"id":31344,"href":"https:\/\/angeloff.ro\/en\/wp-json\/wp\/v2\/product\/12582\/revisions\/31344"}],"wp:featuredmedia":[{"embeddable":true,"href":"https:\/\/angeloff.ro\/en\/wp-json\/wp\/v2\/media\/12583"}],"wp:attachment":[{"href":"https:\/\/angeloff.ro\/en\/wp-json\/wp\/v2\/media?parent=12582"}],"wp:term":[{"taxonomy":"product_brand","embeddable":true,"href":"https:\/\/angeloff.ro\/en\/wp-json\/wp\/v2\/product_brand?post=12582"},{"taxonomy":"product_cat","embeddable":true,"href":"https:\/\/angeloff.ro\/en\/wp-json\/wp\/v2\/product_cat?post=12582"},{"taxonomy":"product_tag","embeddable":true,"href":"https:\/\/angeloff.ro\/en\/wp-json\/wp\/v2\/product_tag?post=12582"}],"curies":[{"name":"wp","href":"https:\/\/api.w.org\/{rel}","templated":true}]}}