{"id":12560,"date":"2024-03-13T11:35:35","date_gmt":"2024-03-13T11:35:35","guid":{"rendered":"https:\/\/angeloff.ro\/?post_type=product&#038;p=12560"},"modified":"2026-04-22T23:32:26","modified_gmt":"2026-04-22T23:32:26","slug":"cuptor-pizza-pe-lemne-60cm-igneus-pro-600-negru","status":"publish","type":"product","link":"https:\/\/angeloff.ro\/en\/product\/cuptor-pizza-pe-lemne-60cm-igneus-pro-600-negru\/","title":{"rendered":"Cuptor pizza pe lemne, 60cm, Igneus Pro 600-Negru"},"content":{"rendered":"<p>Igneus Pro 600 este un cuptor de pizza versatil, ideal pentru firmele de catering \u0219i pentru acas\u0103. Acest cuptor este fabricat din materiale de \u00eenalt\u0103 calitate ce v\u0103 permite s\u0103 g\u0103ti\u021bi o zi \u00eentreag\u0103 cu u\u0219urin\u021b\u0103. \u00cen compara\u021bie cu Igneus Classico, Pro 600 este un cuptor de calitate superioar\u0103, \u0219i chiar dac\u0103 au acelea\u0219i dimensiuni de g\u0103tit, modelul Pro 600 are izola\u021bia mai groas\u0103 \u0219i poate p\u0103stra c\u0103ldura pentru mai mult timp, chiar \u0219i p\u00e2n\u0103 la 7 ore. Pro 600 se ridic\u0103 la temperatura ideal\u0103 de g\u0103tit \u00een 15 minute, ceea ce \u00eenseamn\u0103 c\u0103 pute\u021bi \u00eencepe s\u0103 g\u0103ti\u021bi mult mai repede. Cuptorul pentru pizza Igneus Pro 600 ofer\u0103 toate avantajele modelului Classico, cu c\u00e2teva elemente suplimentare ce \u00eel face s\u0103 func\u021bioneze la un standard profesional.<\/p>\n<p>Picioarele din o\u021bel stau mai sus dec\u00e2t la modelul Classico, l\u0103s\u00e2nd mai mult spa\u021biu aerului s\u0103 circule \u00een jurul cuptorului. Datorit\u0103 izola\u021biei groase ve\u021bi putea g\u0103ti perioade \u00eendelungate de timp pe o mas\u0103 de lemn, f\u0103r\u0103 s\u0103 v\u0103 face\u021bi griji cu privire la deteriorarea suprafe\u021bei. Igneus Pro 600 va g\u0103ti dou\u0103 pizza \u00een acela\u0219i timp \u00een 60-80 de secunde.<\/p>\n<p>Specifica\u021bii:<\/p>\n<p>Greutate: 65 kg<\/p>\n<p>Dimensiuni: \u00a073 \u00d7 71 \u00d7 115.5cm<\/p>\n<p>Culoare: Negru, Grafit, Ro\u0219u<\/p>\n<p>\u00cen\u0103l\u021bime: \u00a0115.5cm (cu horn) \u2013 55cm (fara horn)<\/p>\n<p>Dimensiunea suprafe\u021bei de g\u0103tit: 60 x 60 cm<\/p>\n<p>Capacitate:\u00a0 2x pizza sau 2x t\u0103vi de copt<\/p>\n<p>Timp de \u00eenc\u0103lzire: 15 minute<\/p>\n<p>Combustibil recomandat: pentru a ob\u021bine cele mai bune performan\u021be folosi\u021bi lemn de mesteac\u0103n argintiu uscat<\/p>\n<p>Garan\u021bie: 2 ani<\/p>","protected":false},"excerpt":{"rendered":"<p>Igneus Pro 600 este un cuptor de pizza versatil, ideal pentru firmele de catering \u0219i pentru acas\u0103.<\/p>","protected":false},"featured_media":12561,"template":"","meta":[],"product_brand":[282],"product_cat":[108,110],"product_tag":[],"class_list":{"0":"post-12560","1":"product","2":"type-product","3":"status-publish","4":"has-post-thumbnail","6":"product_brand-igneus","7":"product_cat-cuptoare-pizza","8":"product_cat-cuptoare-pizza-lemne","10":"first","11":"outofstock","12":"taxable","13":"shipping-taxable","14":"purchasable","15":"product-type-simple"},"_links":{"self":[{"href":"https:\/\/angeloff.ro\/en\/wp-json\/wp\/v2\/product\/12560","targetHints":{"allow":["GET"]}}],"collection":[{"href":"https:\/\/angeloff.ro\/en\/wp-json\/wp\/v2\/product"}],"about":[{"href":"https:\/\/angeloff.ro\/en\/wp-json\/wp\/v2\/types\/product"}],"version-history":[{"count":1,"href":"https:\/\/angeloff.ro\/en\/wp-json\/wp\/v2\/product\/12560\/revisions"}],"predecessor-version":[{"id":31341,"href":"https:\/\/angeloff.ro\/en\/wp-json\/wp\/v2\/product\/12560\/revisions\/31341"}],"wp:featuredmedia":[{"embeddable":true,"href":"https:\/\/angeloff.ro\/en\/wp-json\/wp\/v2\/media\/12561"}],"wp:attachment":[{"href":"https:\/\/angeloff.ro\/en\/wp-json\/wp\/v2\/media?parent=12560"}],"wp:term":[{"taxonomy":"product_brand","embeddable":true,"href":"https:\/\/angeloff.ro\/en\/wp-json\/wp\/v2\/product_brand?post=12560"},{"taxonomy":"product_cat","embeddable":true,"href":"https:\/\/angeloff.ro\/en\/wp-json\/wp\/v2\/product_cat?post=12560"},{"taxonomy":"product_tag","embeddable":true,"href":"https:\/\/angeloff.ro\/en\/wp-json\/wp\/v2\/product_tag?post=12560"}],"curies":[{"name":"wp","href":"https:\/\/api.w.org\/{rel}","templated":true}]}}