{"id":12535,"date":"2024-03-13T10:55:50","date_gmt":"2024-03-13T10:55:50","guid":{"rendered":"https:\/\/angeloff.ro\/?post_type=product&#038;p=12535"},"modified":"2026-04-22T23:32:26","modified_gmt":"2026-04-22T23:32:26","slug":"cuptor-pizza-pe-lemne-60cm-igneus-classico-cupru","status":"publish","type":"product","link":"https:\/\/angeloff.ro\/en\/product\/cuptor-pizza-pe-lemne-60cm-igneus-classico-cupru\/","title":{"rendered":"Cuptor pizza pe lemne, 60cm, Igneus Classico-Cupru"},"content":{"rendered":"<p>Cuptorul pentru pizza Classico este cel mai mare \u0219i mai popular cuptor de pizza Igneus, perfect pentru familii numeroase sau grupuri de prieteni care doresc s\u0103 se bucure de o experien\u021b\u0103 autentic\u0103 de g\u0103tit. Cu o zon\u0103 de g\u0103tit intern\u0103 de 60x60cm, Classico poate g\u0103ti dou\u0103 pizza de 12\u201d \u00een acela\u0219i timp \u00een doar 60-80 de secunde. \u00cen plus, pute\u021bi g\u0103ti \u0219i alte feluri de m\u00e2ncare la cuptor, pute\u021bi coace p\u00e2ine sau alte preparate delicioase.<\/p>\n<p>C\u00e2nt\u0103re\u0219te doar 45 kg (20 kg f\u0103r\u0103 c\u0103r\u0103mizi), deci poate fi \u00eencorporat sau a\u0219ezat pe o mas\u0103 \/ suport, ceea ce \u00eenseamn\u0103 c\u0103 poate fi mutat cu u\u0219urin\u021b\u0103 \u00een gr\u0103din\u0103, sau pute\u021bi s\u0103-l transporta\u021bi oriunde, se va potrivi chiar \u0219i \u00een portbagajul unei ma\u0219ini hatchback. Fabricat manual \u00een Portugalia, din materiale de \u00eenalt\u0103 calitate, Classico are un co\u0219 de fum deta\u0219abil, termometru \u00eencorporat \u0219i c\u0103r\u0103mizi refractare deta\u0219abile care confer\u0103 un gust unic m\u00e2nc\u0103rii.<\/p>\n<p>Specifica\u021bii:<\/p>\n<p>Greutate: 45 kg \/ 20 kg f\u0103r\u0103 c\u0103r\u0103mizi<\/p>\n<p>Zon\u0103 de g\u0103tit: 60x60cm<\/p>\n<p>Dimensiuni: l\u0103\u021bime 66cm, lungime 68cm, \u00een\u0103l\u021bime 111cm (co\u0219 de fum),\/ 50cm (f\u0103r\u0103 co\u0219)<\/p>\n<p>L\u0103\u021bimea u\u0219ii: 53 cm, inaltimea usii: 22 cm<\/p>\n<p>Capacitate g\u0103tire: 2x pizza mare sau 2x t\u0103vi de copt<\/p>\n<p>Timp de \u00eenc\u0103lzire: 10-15 minute (400-500 \u02daC)<\/p>\n<p>Materiale: acoperi\u0219 din aluminiu acoperit cu pulbere, structur\u0103 din o\u021bel inoxidabil de calitate marin\u0103<\/p>\n<p>Culori: violet, cupru antic, grafit, ro\u0219u, negru mat, albastru<\/p>\n<p>Garan\u021bie: 1 an<\/p>","protected":false},"excerpt":{"rendered":"<p>Cuptorul pentru pizza Classico este cel mai mare \u0219i mai popular cuptor de pizza Igneus, perfect pentru familii numeroase sau grupuri de prieteni care doresc s\u0103 se bucure de o experien\u021b\u0103 autentic\u0103 de g\u0103tit.<\/p>","protected":false},"featured_media":12536,"template":"","meta":[],"product_brand":[282],"product_cat":[108,110],"product_tag":[],"class_list":{"0":"post-12535","1":"product","2":"type-product","3":"status-publish","4":"has-post-thumbnail","6":"product_brand-igneus","7":"product_cat-cuptoare-pizza","8":"product_cat-cuptoare-pizza-lemne","10":"first","11":"outofstock","12":"taxable","13":"shipping-taxable","14":"purchasable","15":"product-type-simple"},"_links":{"self":[{"href":"https:\/\/angeloff.ro\/en\/wp-json\/wp\/v2\/product\/12535","targetHints":{"allow":["GET"]}}],"collection":[{"href":"https:\/\/angeloff.ro\/en\/wp-json\/wp\/v2\/product"}],"about":[{"href":"https:\/\/angeloff.ro\/en\/wp-json\/wp\/v2\/types\/product"}],"version-history":[{"count":1,"href":"https:\/\/angeloff.ro\/en\/wp-json\/wp\/v2\/product\/12535\/revisions"}],"predecessor-version":[{"id":31337,"href":"https:\/\/angeloff.ro\/en\/wp-json\/wp\/v2\/product\/12535\/revisions\/31337"}],"wp:featuredmedia":[{"embeddable":true,"href":"https:\/\/angeloff.ro\/en\/wp-json\/wp\/v2\/media\/12536"}],"wp:attachment":[{"href":"https:\/\/angeloff.ro\/en\/wp-json\/wp\/v2\/media?parent=12535"}],"wp:term":[{"taxonomy":"product_brand","embeddable":true,"href":"https:\/\/angeloff.ro\/en\/wp-json\/wp\/v2\/product_brand?post=12535"},{"taxonomy":"product_cat","embeddable":true,"href":"https:\/\/angeloff.ro\/en\/wp-json\/wp\/v2\/product_cat?post=12535"},{"taxonomy":"product_tag","embeddable":true,"href":"https:\/\/angeloff.ro\/en\/wp-json\/wp\/v2\/product_tag?post=12535"}],"curies":[{"name":"wp","href":"https:\/\/api.w.org\/{rel}","templated":true}]}}