{"id":12520,"date":"2024-03-13T09:50:18","date_gmt":"2024-03-13T09:50:18","guid":{"rendered":"https:\/\/angeloff.ro\/?post_type=product&#038;p=12520"},"modified":"2026-04-22T23:32:26","modified_gmt":"2026-04-22T23:32:26","slug":"cuptor-pizza-pe-lemne-50cm-igneus-bambino-cupru","status":"publish","type":"product","link":"https:\/\/angeloff.ro\/en\/product\/cuptor-pizza-pe-lemne-50cm-igneus-bambino-cupru\/","title":{"rendered":"Cuptor pizza pe lemne, 50cm, Igneus Bambino- Cupru"},"content":{"rendered":"<p>Igneus Bambino este un cuptor pentru pizza de dimensiuni medii, ideal pentru familiile care doresc s\u0103 se bucure de o adev\u0103rat\u0103 experien\u021b\u0103 de g\u0103tit \u00een cuptor pe lemne. Cu o zon\u0103 de g\u0103tit intern\u0103 de 50x50cm, Bambino poate g\u0103ti o pizza mare de 12\u2033 cu u\u0219urin\u021b\u0103 \u00een mai pu\u021bin de 90 de secunde. \u00cen acest cuptor pute\u021bi g\u0103ti \u0219i alte preparate, deoarece include \u0219i o tav\u0103 mare de copt \u00een care pute\u021bi g\u0103ti fripturi, legume, lasagna \u0219i multe altele.<\/p>\n<p>Cuptorul de pizza Igneus Bambino este complet portabil \u0219i c\u00e2nt\u0103re\u0219te doar 17 kg dac\u0103 \u00eel transporta\u021bi f\u0103r\u0103 c\u0103r\u0103mizi, iar 37 de kg cu c\u0103r\u0103mizile incluse. Co\u0219ul de fum este deta\u0219abil \u0219i poate fi depozitat \u00een interiorul cuptorului, u\u0219ur\u00e2nd \u0219i mai mult transportul. Cuptorul Bambino este fabricat din o\u021bel inoxidabil de calitate, cu un baldachin de aluminiu acoperit cu pulbere, fiind complet izolat. Alimentarea se face cu bu\u0219teni de lemn (recomand\u0103m mesteacanul) \u0219i atinge temperatura optim\u0103 de g\u0103tire \u00een doar 10-15 minute.<\/p>\n<p>Specifica\u021bii:<\/p>\n<p>Greutate: 35 kg<\/p>\n<p>Dimensiuni zon\u0103 de g\u0103tit: 50x50cm<\/p>\n<p>Dimensiuni cuptor: l\u0103\u021bime 57cm, lungime 59cm, \u00een\u0103l\u021bime 87cm (co\u0219 de fum)\/ 47cm (f\u0103r\u0103 co\u0219 de fum)<\/p>\n<p>L\u0103\u021bimea u\u0219ii 45 cm, inaltimea usii 18.5 cm<\/p>\n<p>Capacitate cuptor: 1x Pizza mare sau 1x tav\u0103 de copt<\/p>\n<p>Timp de \u00eenc\u0103lzire: 10-15 minute (400-500 \u02daC)<\/p>\n<p>Termometru \u00eencorporat<\/p>\n<p>Materiale acoperi\u0219: aluminiu acoperit cu pulbere, corp: o\u021bel inoxidabil de calitate marin\u0103<\/p>\n<p>Culori: negru mat, cupru antic, albastru<\/p>\n<p>Garan\u021bie: 1 an.<\/p>","protected":false},"excerpt":{"rendered":"<p>Igneus Bambino este un cuptor pentru pizza de dimensiuni medii, ideal pentru familiile care doresc s\u0103 se bucure de o adev\u0103rat\u0103 experien\u021b\u0103 de g\u0103tit \u00een cuptor pe lemne.<\/p>","protected":false},"featured_media":12521,"template":"","meta":[],"product_brand":[282],"product_cat":[108,110],"product_tag":[],"class_list":{"0":"post-12520","1":"product","2":"type-product","3":"status-publish","4":"has-post-thumbnail","6":"product_brand-igneus","7":"product_cat-cuptoare-pizza","8":"product_cat-cuptoare-pizza-lemne","10":"first","11":"instock","12":"taxable","13":"shipping-taxable","14":"purchasable","15":"product-type-simple"},"_links":{"self":[{"href":"https:\/\/angeloff.ro\/en\/wp-json\/wp\/v2\/product\/12520","targetHints":{"allow":["GET"]}}],"collection":[{"href":"https:\/\/angeloff.ro\/en\/wp-json\/wp\/v2\/product"}],"about":[{"href":"https:\/\/angeloff.ro\/en\/wp-json\/wp\/v2\/types\/product"}],"version-history":[{"count":1,"href":"https:\/\/angeloff.ro\/en\/wp-json\/wp\/v2\/product\/12520\/revisions"}],"predecessor-version":[{"id":31335,"href":"https:\/\/angeloff.ro\/en\/wp-json\/wp\/v2\/product\/12520\/revisions\/31335"}],"wp:featuredmedia":[{"embeddable":true,"href":"https:\/\/angeloff.ro\/en\/wp-json\/wp\/v2\/media\/12521"}],"wp:attachment":[{"href":"https:\/\/angeloff.ro\/en\/wp-json\/wp\/v2\/media?parent=12520"}],"wp:term":[{"taxonomy":"product_brand","embeddable":true,"href":"https:\/\/angeloff.ro\/en\/wp-json\/wp\/v2\/product_brand?post=12520"},{"taxonomy":"product_cat","embeddable":true,"href":"https:\/\/angeloff.ro\/en\/wp-json\/wp\/v2\/product_cat?post=12520"},{"taxonomy":"product_tag","embeddable":true,"href":"https:\/\/angeloff.ro\/en\/wp-json\/wp\/v2\/product_tag?post=12520"}],"curies":[{"name":"wp","href":"https:\/\/api.w.org\/{rel}","templated":true}]}}