{"id":11277,"date":"2024-01-05T12:00:32","date_gmt":"2024-01-05T12:00:32","guid":{"rendered":"https:\/\/angeloff.ro\/produs\/incalzitor-terasa-pe-peleti-qube-primato\/"},"modified":"2026-04-22T23:32:23","modified_gmt":"2026-04-22T23:32:23","slug":"incalzitor-terasa-pe-peleti-qube-primato","status":"publish","type":"product","link":"https:\/\/angeloff.ro\/en\/product\/incalzitor-terasa-pe-peleti-qube-primato\/","title":{"rendered":"Incalzitor terasa pe peleti, QUBE, Primato-Otel corten"},"content":{"rendered":"<p>O versiune mai compact\u0103 a \u00eenc\u0103lzitorului de teras\u0103 Heat Primato, este Qube. Avantajul acestui \u00eenc\u0103lzitor de terasa este pre\u021bul accesibil \u0219i faptul c\u0103 nu necesita niciun tip de asamblare. Qube p\u0103streaz\u0103 designul minimalist si tehnologia inovativ\u0103 Primato, fiind considerat o frumoas\u0103 pies\u0103 de decor. Pe l\u00e2ng\u0103 atributul s\u0103u de a oferi o c\u0103ldur\u0103 pl\u0103cut\u0103, Qube \u00eenc\u00e2nt\u0103 privirile prin forma sa cubic\u0103 disponibil\u0103 \u00een nuan\u021be de negru elegant \u0219i o\u021bel corten. Pentru a te bucura \u00eendeaproape de farmecul Qube, po\u021bi achizi\u021biona separat kitul de mas\u0103 \u0219i scaune disponibil. A\u0219a te po\u021bi \u00eenc\u0103lzi \u0219i relaxa \u00eempreun\u0103 cu cei dragi, \u00een jurul focului. \u00cenc\u0103lzitorul de teras\u0103 Qube de la Primato are o gestionare autonom\u0103 a opera\u021biunilor pe toat\u0103 durata ciclului de lucru. Folosind un combustibil economic, ecoligic \u0219i inofensiv, acesta poate fi utilizat \u00een aer liber \u00een locuri publice \u0219i private deoarece nu este supus reglementarilor UNI pentru GPL. \u00cenc\u0103lzitorul are un power bank cu atonomie pentru patru arderi complete, dar poate fi conectat \u0219i la o surs\u0103 de alimentare constant\u0103. Modelul Qube vine \u00eempreun\u0103 cu un power bank \u0219i un bidon cu combustibil tip Blue-Fire gel.<\/p>\n<p><strong>Specifica\u021bii:<\/strong><\/p>\n<p>Tip combustibil: pele\u021bi<\/p>\n<p>Capacitate rezervor: 3.5 kg<\/p>\n<p>Timp ardere: 3 ore<\/p>\n<p>Putere: 4.5 kW<\/p>\n<p>Dimensiuni: 36x36x133 cm<\/p>\n<p>Greutate: 38 kg<\/p>\n<p>Culoare: o\u021bel corten\/ negru<\/p>","protected":false},"excerpt":{"rendered":"<p>\u00cenc\u0103lzitorul de teras\u0103 Qube p\u0103streaz\u0103 designul minimalist \u0219i tehnologia inovativ\u0103 Primato, fiind considerat o frumoas\u0103 pies\u0103 de decor.<\/p>","protected":false},"featured_media":11276,"template":"","meta":[],"product_brand":[283],"product_cat":[107],"product_tag":[],"class_list":{"0":"post-11277","1":"product","2":"type-product","3":"status-publish","4":"has-post-thumbnail","6":"product_brand-primato","7":"product_cat-incalzitoare-terasa","9":"first","10":"instock","11":"taxable","12":"shipping-taxable","13":"purchasable","14":"product-type-simple"},"_links":{"self":[{"href":"https:\/\/angeloff.ro\/en\/wp-json\/wp\/v2\/product\/11277","targetHints":{"allow":["GET"]}}],"collection":[{"href":"https:\/\/angeloff.ro\/en\/wp-json\/wp\/v2\/product"}],"about":[{"href":"https:\/\/angeloff.ro\/en\/wp-json\/wp\/v2\/types\/product"}],"version-history":[{"count":1,"href":"https:\/\/angeloff.ro\/en\/wp-json\/wp\/v2\/product\/11277\/revisions"}],"predecessor-version":[{"id":31325,"href":"https:\/\/angeloff.ro\/en\/wp-json\/wp\/v2\/product\/11277\/revisions\/31325"}],"wp:featuredmedia":[{"embeddable":true,"href":"https:\/\/angeloff.ro\/en\/wp-json\/wp\/v2\/media\/11276"}],"wp:attachment":[{"href":"https:\/\/angeloff.ro\/en\/wp-json\/wp\/v2\/media?parent=11277"}],"wp:term":[{"taxonomy":"product_brand","embeddable":true,"href":"https:\/\/angeloff.ro\/en\/wp-json\/wp\/v2\/product_brand?post=11277"},{"taxonomy":"product_cat","embeddable":true,"href":"https:\/\/angeloff.ro\/en\/wp-json\/wp\/v2\/product_cat?post=11277"},{"taxonomy":"product_tag","embeddable":true,"href":"https:\/\/angeloff.ro\/en\/wp-json\/wp\/v2\/product_tag?post=11277"}],"curies":[{"name":"wp","href":"https:\/\/api.w.org\/{rel}","templated":true}]}}