{"id":11275,"date":"2024-01-05T12:00:31","date_gmt":"2024-01-05T12:00:31","guid":{"rendered":"https:\/\/angeloff.ro\/produs\/incalzitor-terasa-pe-peleti-core-primato\/"},"modified":"2026-04-22T23:32:23","modified_gmt":"2026-04-22T23:32:23","slug":"incalzitor-terasa-pe-peleti-core-primato","status":"publish","type":"product","link":"https:\/\/angeloff.ro\/en\/product\/incalzitor-terasa-pe-peleti-core-primato\/","title":{"rendered":"Incalzitor terasa pe peleti, CORE, Primato-Otel corten"},"content":{"rendered":"<p>\u00cenc\u0103lzitorul de teras\u0103 Core reprezint\u0103 expresia viziunii Primato despre ceea ce \u00eenseamn\u0103 farmecul focului. Tehnologia inovatoare \u00eent\u00e2lne\u0219te cel mai sofisticat design, disponibil \u00een culoarea titanului, o\u021belului Corten \u0219i negru elegant. Pe l\u00e2ng\u0103 calitatea sa de a oferi o caldur\u0103 pl\u0103cut\u0103, Core este \u0219i o pies\u0103 de art\u0103 ce ofer\u0103 cu u\u0219urin\u021b\u0103 un farmec aparte spa\u021biului \u00een care se afl\u0103. Lumina focului p\u0103trunde, deloc sfios, prin decupajele \u00eenc\u0103lzitorului, iar spectacolul de ubre prinde via\u021b\u0103 cu aplomb. Pentru a te bucura \u00eendeaproape de farmecul \u00eenc\u0103lzitorului Core, achizitioneaza kitul op\u021bional de masu\u021b\u0103 cu diamentrul de 114 cm, \u00een jurul c\u0103reia po\u021bi a\u0219eza scaunele de bar din polipropilena, kit format din 4 piese de mobilier.<\/p>\n<p>\u00cenc\u0103lzitorul de teras\u0103 Core Primato are o gestionare autonom\u0103 a opera\u021biunilor pe toat\u0103 durata ciclului de lucru. Folosind un combustibil economic, ecoligic \u0219i inofensiv, acesta poate fi utilizat \u00een aer liber \u00een locuri publice \u0219i private deoarece nu este supus reglementarilor UNI pentru GPL. \u00cenc\u0103lzitorul are un power bank cu atonomie pentru patru arderi complete, dar poate fi conectat \u0219i la o surs\u0103 de alimentare constant\u0103.<\/p>\n<p>Modelul Core vine \u00eempreun\u0103 cu un power bank \u0219i un bidon cu combustibil tip Blue-Fire gel.<\/p>\n<p>Specifica\u021bii:<\/p>\n<p>Tip combustibil: pele\u021bi<\/p>\n<p>Capacitate rezervor: 3.5 kg<\/p>\n<p>Consum: 3.5 kg\/~3 ore<\/p>\n<p>Putere: 4.5 kW<\/p>\n<p>Dimensiuni: diametru 37cm, \u00een\u0103l\u021bime 126cm<\/p>\n<p>Greutate: 38 kg<\/p>\n<p>Culoare: titanium, negru, corten<\/p>","protected":false},"excerpt":{"rendered":"<p>Pe l\u00e2ng\u0103 calitatea sa de a oferi o caldur\u0103 pl\u0103cut\u0103, \u00eenc\u0103lzitorul de teras\u0103 Core este \u0219i o pies\u0103 de art\u0103 ce ofer\u0103 cu u\u0219urin\u021b\u0103 un farmec aparte spa\u021biului \u00een care se afl\u0103.<\/p>","protected":false},"featured_media":11274,"template":"","meta":[],"product_brand":[283],"product_cat":[107],"product_tag":[],"class_list":{"0":"post-11275","1":"product","2":"type-product","3":"status-publish","4":"has-post-thumbnail","6":"product_brand-primato","7":"product_cat-incalzitoare-terasa","9":"first","10":"instock","11":"taxable","12":"shipping-taxable","13":"purchasable","14":"product-type-simple"},"_links":{"self":[{"href":"https:\/\/angeloff.ro\/en\/wp-json\/wp\/v2\/product\/11275","targetHints":{"allow":["GET"]}}],"collection":[{"href":"https:\/\/angeloff.ro\/en\/wp-json\/wp\/v2\/product"}],"about":[{"href":"https:\/\/angeloff.ro\/en\/wp-json\/wp\/v2\/types\/product"}],"version-history":[{"count":1,"href":"https:\/\/angeloff.ro\/en\/wp-json\/wp\/v2\/product\/11275\/revisions"}],"predecessor-version":[{"id":31324,"href":"https:\/\/angeloff.ro\/en\/wp-json\/wp\/v2\/product\/11275\/revisions\/31324"}],"wp:featuredmedia":[{"embeddable":true,"href":"https:\/\/angeloff.ro\/en\/wp-json\/wp\/v2\/media\/11274"}],"wp:attachment":[{"href":"https:\/\/angeloff.ro\/en\/wp-json\/wp\/v2\/media?parent=11275"}],"wp:term":[{"taxonomy":"product_brand","embeddable":true,"href":"https:\/\/angeloff.ro\/en\/wp-json\/wp\/v2\/product_brand?post=11275"},{"taxonomy":"product_cat","embeddable":true,"href":"https:\/\/angeloff.ro\/en\/wp-json\/wp\/v2\/product_cat?post=11275"},{"taxonomy":"product_tag","embeddable":true,"href":"https:\/\/angeloff.ro\/en\/wp-json\/wp\/v2\/product_tag?post=11275"}],"curies":[{"name":"wp","href":"https:\/\/api.w.org\/{rel}","templated":true}]}}