{"id":11203,"date":"2024-01-05T11:31:59","date_gmt":"2024-01-05T11:31:59","guid":{"rendered":"https:\/\/angeloff.ro\/produs\/cuptor-pizza-pe-lemne-igneus-minimo\/"},"modified":"2026-04-22T23:32:20","modified_gmt":"2026-04-22T23:32:20","slug":"cuptor-pizza-pe-lemne-igneus-minimo","status":"publish","type":"product","link":"https:\/\/angeloff.ro\/en\/product\/cuptor-pizza-pe-lemne-igneus-minimo\/","title":{"rendered":"Cuptor pizza pe lemne Igneus Minimo"},"content":{"rendered":"<p>Cuptorul pentru pizza Minimo este cel mai mic cuptor Igneus, ideal pentru familii mici, cupluri sau iubitori de pizza \u0219i drume\u021bii. Av\u00e2nd o greutate de doar 15kg, pute\u021bi lua acest cuptor \u00een vacan\u021b\u0103, la malul m\u0103rii, la munte sau la o Pizza Party cu prietenii.<\/p>\n<p>Alimentarea cuptorului se face cu buc\u0103\u021bi mici de lemn de esen\u021b\u0103 uscat\u0103, iar \u00een aproximativ 15 minute, cuptorul la ajunge la temperatura optim\u0103 de g\u0103tit. Dup\u0103 ce b\u0103ga\u021bi pizza \u00een cuptor, \u00een aproximativ 80 de secunde ve\u021bi ob\u021bine o superb\u0103 pizza de 12&#8243;, coapt\u0103 tradi\u021bional, \u00een cuptor pe lemne. Datorit\u0103 modului \u00een care este proiectat cuptorul, pute\u021bi g\u0103ti \u0219i alte preparate, lasagna, p\u00e2ine, m\u0103r copt \u0219i altele.<\/p>\n<p>Specifica\u021bii:<\/p>\n<p>Co\u0219 de fum \u0219i c\u0103r\u0103mizi deta\u0219abile<\/p>\n<p>Greutate: 15 kg (c\u0103r\u0103mid\u0103 inclusa) 11kg (f\u0103r\u0103 c\u0103r\u0103mid\u0103)<\/p>\n<p>Dimensiuni: 49 \u00d7 41 \u00d7 63 cm<\/p>\n<p>Culoare: o\u021bel inoxidabil<\/p>\n<p>Timp de \u00eenc\u0103lzire: 15 minute<\/p>\n<p>Temperatura maxim\u0103: \u00a0500 \u00b0 C<\/p>\n<p>Zona de g\u0103tire: 30x40cm<\/p>\n<p>Capacitate: 1x pizza de 12 inch sau 1x tav\u0103 de g\u0103tire mic\u0103<\/p>\n<p>Timp de g\u0103tit: \u00a01x pizza \u00een 60-80 secunde<\/p>\n<p>Combustibil recomandat: lemne mici de mesteac\u0103n uscat<\/p>\n<p>Materiale: o\u021bel inoxidabil de calitate marin\u0103 \u0219i aluminiu acoperit cu pulbere<\/p>\n<p>Garan\u021bie: 1 an.<\/p>","protected":false},"excerpt":{"rendered":"<p>Cuptorul pentru pizza Minimo este cel mai mic cuptor Igneus, ideal pentru familii mici, cupluri sau iubitori de pizza \u0219i drume\u021bii.<\/p>","protected":false},"featured_media":11202,"template":"","meta":[],"product_brand":[282],"product_cat":[108,110],"product_tag":[],"class_list":{"0":"post-11203","1":"product","2":"type-product","3":"status-publish","4":"has-post-thumbnail","6":"product_brand-igneus","7":"product_cat-cuptoare-pizza","8":"product_cat-cuptoare-pizza-lemne","10":"first","11":"instock","12":"taxable","13":"shipping-taxable","14":"purchasable","15":"product-type-simple"},"_links":{"self":[{"href":"https:\/\/angeloff.ro\/en\/wp-json\/wp\/v2\/product\/11203","targetHints":{"allow":["GET"]}}],"collection":[{"href":"https:\/\/angeloff.ro\/en\/wp-json\/wp\/v2\/product"}],"about":[{"href":"https:\/\/angeloff.ro\/en\/wp-json\/wp\/v2\/types\/product"}],"version-history":[{"count":1,"href":"https:\/\/angeloff.ro\/en\/wp-json\/wp\/v2\/product\/11203\/revisions"}],"predecessor-version":[{"id":31301,"href":"https:\/\/angeloff.ro\/en\/wp-json\/wp\/v2\/product\/11203\/revisions\/31301"}],"wp:featuredmedia":[{"embeddable":true,"href":"https:\/\/angeloff.ro\/en\/wp-json\/wp\/v2\/media\/11202"}],"wp:attachment":[{"href":"https:\/\/angeloff.ro\/en\/wp-json\/wp\/v2\/media?parent=11203"}],"wp:term":[{"taxonomy":"product_brand","embeddable":true,"href":"https:\/\/angeloff.ro\/en\/wp-json\/wp\/v2\/product_brand?post=11203"},{"taxonomy":"product_cat","embeddable":true,"href":"https:\/\/angeloff.ro\/en\/wp-json\/wp\/v2\/product_cat?post=11203"},{"taxonomy":"product_tag","embeddable":true,"href":"https:\/\/angeloff.ro\/en\/wp-json\/wp\/v2\/product_tag?post=11203"}],"curies":[{"name":"wp","href":"https:\/\/api.w.org\/{rel}","templated":true}]}}